{"id":3441,"date":"2024-09-25T14:41:47","date_gmt":"2024-09-25T19:41:47","guid":{"rendered":"https:\/\/mglashes.ca\/distribution\/?post_type=product&#038;p=3441"},"modified":"2026-03-31T06:02:39","modified_gmt":"2026-03-31T11:02:39","slug":"collection-cils-plats-noir-mat-courbe-cc","status":"publish","type":"product","link":"https:\/\/mglashes.ca\/distribution\/produit\/collection-cils-plats-noir-mat-courbe-cc\/","title":{"rendered":"Collection cils plats courbe CC &#8211; Noir mat"},"content":{"rendered":"","protected":false},"excerpt":{"rendered":"<div class=\"result-header\">\n<div class=\"starbutton jfk-button-flat jfk-button unstarred\" tabindex=\"0\" role=\"button\" aria-label=\"Activer le suivi de la traduction\" data-tooltip=\"Activer le suivi de la traduction\" data-tooltip-align=\"t,c\">\n<div class=\"jfk-button-img\">Recommand\u00e9 pour l&rsquo;application classique 1:1\u00a0<em>Lash to Lash<\/em><\/div>\n<\/div>\n<\/div>\n<div class=\"text-wrap tlid-copy-target\">\n<div class=\"result-shield-container tlid-copy-target\" tabindex=\"0\">\n<ul>\n<li><span class=\"tlid-translation translation\" lang=\"fr\"><span class=\"\" title=\"\">Grande souplesse et douceur<\/span><\/span><\/li>\n<li><span class=\"tlid-translation translation\" lang=\"fr\"><span class=\"\" title=\"\">Forme unique qui permet un look plus dramatique.<\/span><\/span><\/li>\n<li><span class=\"tlid-translation translation\" lang=\"fr\"><span title=\"\">Couleur noir mat<\/span><\/span><\/li>\n<li><span class=\"tlid-translation translation\" lang=\"fr\"><span title=\"\">Parfait pour les mascaras et les cils naturels<\/span><\/span><\/li>\n<\/ul>\n<p><span class=\"tlid-translation translation\" lang=\"fr\"><span class=\"\" title=\"\">Le poids d&rsquo;un\u00a0cil r\u00e9gulier 0.15, mais ressemble \u00e0 un\u00a0<\/span><\/span><span class=\"tlid-translation translation\" lang=\"fr\"><span class=\"\" title=\"\">cil\u00a0r\u00e9gulier 0.20\u00a0et a plus d&rsquo;impact sur la ligne des cils.<\/span><br \/>\n<span class=\"\" title=\"\">Id\u00e9al pour les clients qui veulent une apparence plus \u00e9paisse mais qui n\u2019ont pas les cils pour supporter des diam\u00e8tres plus \u00e9lev\u00e9s.<\/span><\/span><\/p>\n<\/div>\n<\/div>\n","protected":false},"featured_media":3442,"comment_status":"open","ping_status":"closed","template":"","meta":{"_et_pb_use_builder":"","_et_pb_old_content":"","_et_gb_content_width":""},"product_brand":[],"product_cat":[359,258],"product_tag":[272],"class_list":{"0":"post-3441","1":"product","2":"type-product","3":"status-publish","4":"has-post-thumbnail","6":"product_cat-cils-classique","7":"product_cat-lashes-by-tini","8":"product_tag-cils","9":"product_shipping_class-forfait","11":"first","12":"instock","13":"taxable","14":"shipping-taxable","15":"purchasable","16":"product-type-variable"},"jetpack_sharing_enabled":true,"_links":{"self":[{"href":"https:\/\/mglashes.ca\/distribution\/wp-json\/wp\/v2\/product\/3441","targetHints":{"allow":["GET"]}}],"collection":[{"href":"https:\/\/mglashes.ca\/distribution\/wp-json\/wp\/v2\/product"}],"about":[{"href":"https:\/\/mglashes.ca\/distribution\/wp-json\/wp\/v2\/types\/product"}],"replies":[{"embeddable":true,"href":"https:\/\/mglashes.ca\/distribution\/wp-json\/wp\/v2\/comments?post=3441"}],"wp:featuredmedia":[{"embeddable":true,"href":"https:\/\/mglashes.ca\/distribution\/wp-json\/wp\/v2\/media\/3442"}],"wp:attachment":[{"href":"https:\/\/mglashes.ca\/distribution\/wp-json\/wp\/v2\/media?parent=3441"}],"wp:term":[{"taxonomy":"product_brand","embeddable":true,"href":"https:\/\/mglashes.ca\/distribution\/wp-json\/wp\/v2\/product_brand?post=3441"},{"taxonomy":"product_cat","embeddable":true,"href":"https:\/\/mglashes.ca\/distribution\/wp-json\/wp\/v2\/product_cat?post=3441"},{"taxonomy":"product_tag","embeddable":true,"href":"https:\/\/mglashes.ca\/distribution\/wp-json\/wp\/v2\/product_tag?post=3441"}],"curies":[{"name":"wp","href":"https:\/\/api.w.org\/{rel}","templated":true}]}}