{"id":3435,"date":"2024-09-23T23:57:35","date_gmt":"2024-09-24T04:57:35","guid":{"rendered":"https:\/\/mglashes.ca\/distribution\/?post_type=product&#038;p=3435"},"modified":"2026-04-07T09:09:36","modified_gmt":"2026-04-07T14:09:36","slug":"adhesif-transparent-naked","status":"publish","type":"product","link":"https:\/\/mglashes.ca\/distribution\/produit\/adhesif-transparent-naked\/","title":{"rendered":"Adh\u00e9sif transparent NAKED 5ml"},"content":{"rendered":"","protected":false},"excerpt":{"rendered":"<p>Cet adh\u00e9sif ne contient que deux ingr\u00e9dients, ce qui en fait un liquide plus concentr\u00e9 offrant un temps de s\u00e9chage de 1 \u00e0 2 secondes, m\u00eame par faible humidit\u00e9.<br \/>\nNon seulement il est plus concentr\u00e9 que les adh\u00e9sifs noirs, mais il est fabriqu\u00e9 sans noir de carbone, d&rsquo;o\u00f9 proviennent g\u00e9n\u00e9ralement les sensibilit\u00e9s.<\/p>\n<p>Il est temps de rappeler tous vos clients allergiques \u00e0 l\u2019encre;\u00a0<strong>sans encre &#8211; pas de probl\u00e8me!<\/strong><\/p>\n<p>\u2022 Adh\u00e9sif \u00e0 faible d\u00e9gagement de fum\u00e9e<br \/>\n\u2022 Temps de s\u00e9chage rapide 1-2 sec<br \/>\n\u2022 Humidit\u00e9 de 20% et plus<br \/>\n\u2022 Temp\u00e9rature id\u00e9ale: 21-23 degr\u00e9s<br \/>\n\u2022 Liaison forte<br \/>\n\u2022 Sans latex ni formald\u00e9hyde<br \/>\n\u2022 Viscosit\u00e9 mince \/ faible<br \/>\n\u2022 Peut \u00eatre utilis\u00e9 pour les applications Classic et Volume<\/p>\n<p><strong>Recommandation d&rsquo;entreposage\u00a0<\/strong><\/p>\n<p>&#8211; Colle neuve scell\u00e9e dans son sac : dans la porte du frigo ( date d&rsquo;expiration imprim\u00e9e sous la bouteille)<br \/>\n&#8211; Colle ouverte : 4-6 semaines temp\u00e9rature pi\u00e8ce<\/p>\n<p><strong>Ingr\u00e9dients:\u00a0<\/strong>cyanoacrylate<\/p>\n","protected":false},"featured_media":3436,"comment_status":"open","ping_status":"closed","template":"","meta":{"_et_pb_use_builder":"","_et_pb_old_content":"","_et_gb_content_width":""},"product_brand":[],"product_cat":[362,258],"product_tag":[30],"class_list":{"0":"post-3435","1":"product","2":"type-product","3":"status-publish","4":"has-post-thumbnail","6":"product_cat-adhesif","7":"product_cat-lashes-by-tini","8":"product_tag-colle","9":"product_shipping_class-forfait","11":"first","12":"outofstock","13":"taxable","14":"shipping-taxable","15":"purchasable","16":"product-type-simple"},"jetpack_sharing_enabled":true,"_links":{"self":[{"href":"https:\/\/mglashes.ca\/distribution\/wp-json\/wp\/v2\/product\/3435","targetHints":{"allow":["GET"]}}],"collection":[{"href":"https:\/\/mglashes.ca\/distribution\/wp-json\/wp\/v2\/product"}],"about":[{"href":"https:\/\/mglashes.ca\/distribution\/wp-json\/wp\/v2\/types\/product"}],"replies":[{"embeddable":true,"href":"https:\/\/mglashes.ca\/distribution\/wp-json\/wp\/v2\/comments?post=3435"}],"wp:featuredmedia":[{"embeddable":true,"href":"https:\/\/mglashes.ca\/distribution\/wp-json\/wp\/v2\/media\/3436"}],"wp:attachment":[{"href":"https:\/\/mglashes.ca\/distribution\/wp-json\/wp\/v2\/media?parent=3435"}],"wp:term":[{"taxonomy":"product_brand","embeddable":true,"href":"https:\/\/mglashes.ca\/distribution\/wp-json\/wp\/v2\/product_brand?post=3435"},{"taxonomy":"product_cat","embeddable":true,"href":"https:\/\/mglashes.ca\/distribution\/wp-json\/wp\/v2\/product_cat?post=3435"},{"taxonomy":"product_tag","embeddable":true,"href":"https:\/\/mglashes.ca\/distribution\/wp-json\/wp\/v2\/product_tag?post=3435"}],"curies":[{"name":"wp","href":"https:\/\/api.w.org\/{rel}","templated":true}]}}