{"id":3427,"date":"2024-09-23T23:28:12","date_gmt":"2024-09-24T04:28:12","guid":{"rendered":"https:\/\/mglashes.ca\/distribution\/?post_type=product&#038;p=3427"},"modified":"2026-03-24T18:37:23","modified_gmt":"2026-03-24T23:37:23","slug":"perfect-speed-solution-de-cure-adhesive","status":"publish","type":"product","link":"https:\/\/mglashes.ca\/distribution\/produit\/perfect-speed-solution-de-cure-adhesive\/","title":{"rendered":"Perfect Speed &#8211; Solution de cure adh\u00e9sive"},"content":{"rendered":"","protected":false},"excerpt":{"rendered":"<p>PERFECT SPEED est con\u00e7u pour aider \u00e0 durcir votre adh\u00e9sif favori dans des conditions d\u00e9favorables.<\/p>\n<p>Que votre taux d&rsquo;humidit\u00e9 ou la temp\u00e9rature soit mauvaise, il garantit une liaison parfaite \u00e0 chaque fois!<\/p>\n<ul>\n<li>\u00c0 utiliser avant l&rsquo;application des extensions de cils.<\/li>\n<li>Appliquez une petite quantit\u00e9 sur la base des faux cils avec une micro-brosse et attendez 1 minute.<\/li>\n<li>Appliquez les cils comme d&rsquo;habitude.<\/li>\n<li>***Pour les colles avec un temps de s\u00e9chage rapide (0.5 sec) : Appliquer plus haut \u00e0 2mm de la base de la bande des extensions<\/li>\n<li>Gardez le r\u00e9cipient bien ferm\u00e9 et hors de la port\u00e9e des enfants.<\/li>\n<li>Le contact direct avec la peau ou les yeux peut parfois provoquer des irritations mineures.<\/li>\n<li>En cas d&rsquo;allergie, veuillez consulter un m\u00e9decin.<\/li>\n<li>Ne pas\u00a0exposer\u00a0\u00e0 la lumi\u00e8re directe du soleil et garder dans un endroit frais.<\/li>\n<\/ul>\n<p><strong>Ingr\u00e9dients<\/strong>: alcool \u00e9thylique, H2O, anhydride ac\u00e9tique,\u00a0silane<\/p>\n","protected":false},"featured_media":3428,"comment_status":"open","ping_status":"closed","template":"","meta":{"_et_pb_use_builder":"","_et_pb_old_content":"","_et_gb_content_width":""},"product_brand":[],"product_cat":[375,258],"product_tag":[266],"class_list":{"0":"post-3427","1":"product","2":"type-product","3":"status-publish","4":"has-post-thumbnail","6":"product_cat-booster","7":"product_cat-lashes-by-tini","8":"product_tag-perfect-speed","9":"product_shipping_class-forfait","11":"first","12":"instock","13":"taxable","14":"shipping-taxable","15":"purchasable","16":"product-type-simple"},"jetpack_sharing_enabled":true,"_links":{"self":[{"href":"https:\/\/mglashes.ca\/distribution\/wp-json\/wp\/v2\/product\/3427","targetHints":{"allow":["GET"]}}],"collection":[{"href":"https:\/\/mglashes.ca\/distribution\/wp-json\/wp\/v2\/product"}],"about":[{"href":"https:\/\/mglashes.ca\/distribution\/wp-json\/wp\/v2\/types\/product"}],"replies":[{"embeddable":true,"href":"https:\/\/mglashes.ca\/distribution\/wp-json\/wp\/v2\/comments?post=3427"}],"wp:featuredmedia":[{"embeddable":true,"href":"https:\/\/mglashes.ca\/distribution\/wp-json\/wp\/v2\/media\/3428"}],"wp:attachment":[{"href":"https:\/\/mglashes.ca\/distribution\/wp-json\/wp\/v2\/media?parent=3427"}],"wp:term":[{"taxonomy":"product_brand","embeddable":true,"href":"https:\/\/mglashes.ca\/distribution\/wp-json\/wp\/v2\/product_brand?post=3427"},{"taxonomy":"product_cat","embeddable":true,"href":"https:\/\/mglashes.ca\/distribution\/wp-json\/wp\/v2\/product_cat?post=3427"},{"taxonomy":"product_tag","embeddable":true,"href":"https:\/\/mglashes.ca\/distribution\/wp-json\/wp\/v2\/product_tag?post=3427"}],"curies":[{"name":"wp","href":"https:\/\/api.w.org\/{rel}","templated":true}]}}