{"id":342,"date":"2023-01-12T13:30:51","date_gmt":"2023-01-12T13:30:51","guid":{"rendered":"https:\/\/mglashes.ca\/distribution\/?post_type=product&#038;p=342"},"modified":"2025-07-14T13:44:35","modified_gmt":"2025-07-14T18:44:35","slug":"coussinets-pour-les-yeux-hydrogel","status":"publish","type":"product","link":"https:\/\/mglashes.ca\/distribution\/produit\/coussinets-pour-les-yeux-hydrogel\/","title":{"rendered":"Coussinets pour les yeux hydrogel"},"content":{"rendered":"","protected":false},"excerpt":{"rendered":"<p><strong>Coussinets pour les yeux hydrogel<\/strong> &#8211; Nos coussinets pour les yeux en gel sont doux, flexibles et minces.\u00a0 Ils sont faciles \u00e0 placer et ne laissent aucun r\u00e9sidu une fois enlev\u00e9s. Ils sont de couleur blanche pour faciliter le travail et assurer au professionnel des cils d&rsquo;avoir un meilleure vue lors de son travail.<\/p>\n<p><strong>Vendu\u00a0 en paquet de 25 paires<\/strong><\/p>\n<p><strong>Principales Caract\u00e9ristiques:<\/strong><\/p>\n<ul>\n<li>7.5 cm longueur totale.<\/li>\n<li>Chaque paire est emball\u00e9e individuellement<\/li>\n<li>Hydrogel, glyc\u00e9rol, extrait d&rsquo;alo\u00e8s et vitamine C<\/li>\n<li>Peut \u00eatre d\u00e9plac\u00e9 et repositionn\u00e9<\/li>\n<li>Courb\u00e9 pour s&rsquo;adapter \u00e0 la plupart des formes de yeux<\/li>\n<li style=\"list-style-type: none;\"><\/li>\n<\/ul>\n","protected":false},"featured_media":343,"comment_status":"open","ping_status":"closed","template":"","meta":{"_et_pb_use_builder":"","_et_pb_old_content":"","_et_gb_content_width":""},"product_brand":[],"product_cat":[21,257],"product_tag":[67],"class_list":{"0":"post-342","1":"product","2":"type-product","3":"status-publish","4":"has-post-thumbnail","6":"product_cat-coussinets-pour-yeux","7":"product_cat-lash-artisan","8":"product_tag-coussinets","9":"product_shipping_class-forfait","11":"first","12":"outofstock","13":"taxable","14":"shipping-taxable","15":"purchasable","16":"product-type-simple"},"jetpack_sharing_enabled":true,"_links":{"self":[{"href":"https:\/\/mglashes.ca\/distribution\/wp-json\/wp\/v2\/product\/342","targetHints":{"allow":["GET"]}}],"collection":[{"href":"https:\/\/mglashes.ca\/distribution\/wp-json\/wp\/v2\/product"}],"about":[{"href":"https:\/\/mglashes.ca\/distribution\/wp-json\/wp\/v2\/types\/product"}],"replies":[{"embeddable":true,"href":"https:\/\/mglashes.ca\/distribution\/wp-json\/wp\/v2\/comments?post=342"}],"wp:featuredmedia":[{"embeddable":true,"href":"https:\/\/mglashes.ca\/distribution\/wp-json\/wp\/v2\/media\/343"}],"wp:attachment":[{"href":"https:\/\/mglashes.ca\/distribution\/wp-json\/wp\/v2\/media?parent=342"}],"wp:term":[{"taxonomy":"product_brand","embeddable":true,"href":"https:\/\/mglashes.ca\/distribution\/wp-json\/wp\/v2\/product_brand?post=342"},{"taxonomy":"product_cat","embeddable":true,"href":"https:\/\/mglashes.ca\/distribution\/wp-json\/wp\/v2\/product_cat?post=342"},{"taxonomy":"product_tag","embeddable":true,"href":"https:\/\/mglashes.ca\/distribution\/wp-json\/wp\/v2\/product_tag?post=342"}],"curies":[{"name":"wp","href":"https:\/\/api.w.org\/{rel}","templated":true}]}}