{"id":3415,"date":"2024-09-23T23:02:44","date_gmt":"2024-09-24T04:02:44","guid":{"rendered":"https:\/\/mglashes.ca\/distribution\/?post_type=product&#038;p=3415"},"modified":"2026-04-07T09:09:36","modified_gmt":"2026-04-07T14:09:36","slug":"superbonder-optimiseur-de-retention-15-ml","status":"publish","type":"product","link":"https:\/\/mglashes.ca\/distribution\/produit\/superbonder-optimiseur-de-retention-15-ml\/","title":{"rendered":"Superbonder &#8211; Optimiseur de r\u00e9tention 15 ml"},"content":{"rendered":"","protected":false},"excerpt":{"rendered":"<p>Le Superbonder Lashes by Tini augmente la flexibilit\u00e9 de n\u2019importe quelle colle ou adh\u00e9sif pour cils. Apr\u00e8s seulement 3 minutes suivant l&rsquo;application du produit, les clientes peuvent d\u00e9j\u00e0 mouiller leurs cils sans attendre 24 heures que la colle ne durcisse. \u00c9tant donn\u00e9 que le cyanoacrylate n&rsquo;est pas tr\u00e8s flexible une fois s\u00e9ch\u00e9, les extensions peuvent tomber pr\u00e9matur\u00e9ment. Ce produit augmente donc la flexibilit\u00e9, ce qui permet d\u2019augmenter la r\u00e9tention jusqu\u2019\u00e0 30%. Vos clientes vous remercieront!<\/p>\n<ul>\n<li>Augmente la r\u00e9tention de 30%<\/li>\n<li>R\u00e9duit l\u2019irritation des yeux et les risques d\u2019allergies li\u00e9es \u00e0 la colle puisqu&rsquo;une fois polym\u00e9ris\u00e9e, la colle ne contient plus d&rsquo;allerg\u00e8nes<\/li>\n<li>D\u00e9gage peu ou pas de vapeur<\/li>\n<li>Donne plus de flexibilit\u00e9 au point de liaison<\/li>\n<li>Polym\u00e9risation compl\u00e8te en 3 min<\/li>\n<li>Fonctionne avec toutes les colles<\/li>\n<li>Remplace le nanomister et le n\u00e9bulisateur<\/li>\n<li>Une bouteille peut faire jusqu\u2019\u00e0 environ 150 clientes, pour une moyenne de 0,33$ par cliente!*<\/li>\n<\/ul>\n<p>*Bas\u00e9 sur une application de 0,10 mL par cliente. La quantit\u00e9 moyenne peut varier d\u2019une technicienne \u00e0 l\u2019autre, selon leur technique de travail.<\/p>\n<p><strong>Utilisation\u00a0:<\/strong>\u00a0Deux minutes apr\u00e8s la pose d&rsquo;extensions de cils, appliquez une tr\u00e8s petite goutte\u00a0de Superbonder sur une micro-brosse. Appliquer sur le long du point de liaison de la colle. Attendez 3 minutes pour que les cils de votre cliente s\u00e8chent \u00e0 l\u2019air.<\/p>\n<p><strong>Ingr\u00e9dients\u00a0:<\/strong>\u00a0Eau, L-Arginine, Propyl\u00e8ne glycol, Leucine, Acide citrique, Retinyl palmitate, Chlorure de sodium<\/p>\n<p><strong>Entreposage\u00a0:<\/strong>\u00a0Entreposer \u00e0 l\u2019abri de la lumi\u00e8re du soleil. Peut \u00eatre conserv\u00e9 sur votre station de travail. Peut \u00eatre conserv\u00e9 jusqu\u2019\u00e0 6 mois apr\u00e8s ouverture.<\/p>\n<p><strong>Pour usage professionnel seulement.<\/strong><\/p>\n","protected":false},"featured_media":3416,"comment_status":"open","ping_status":"closed","template":"","meta":{"_et_pb_use_builder":"","_et_pb_old_content":"","_et_gb_content_width":""},"product_brand":[],"product_cat":[365,258],"product_tag":[263],"class_list":{"0":"post-3415","1":"product","2":"type-product","3":"status-publish","4":"has-post-thumbnail","6":"product_cat-bonder","7":"product_cat-lashes-by-tini","8":"product_tag-superbonder","9":"product_shipping_class-forfait","11":"first","12":"outofstock","13":"taxable","14":"shipping-taxable","15":"purchasable","16":"product-type-simple"},"jetpack_sharing_enabled":true,"_links":{"self":[{"href":"https:\/\/mglashes.ca\/distribution\/wp-json\/wp\/v2\/product\/3415","targetHints":{"allow":["GET"]}}],"collection":[{"href":"https:\/\/mglashes.ca\/distribution\/wp-json\/wp\/v2\/product"}],"about":[{"href":"https:\/\/mglashes.ca\/distribution\/wp-json\/wp\/v2\/types\/product"}],"replies":[{"embeddable":true,"href":"https:\/\/mglashes.ca\/distribution\/wp-json\/wp\/v2\/comments?post=3415"}],"wp:featuredmedia":[{"embeddable":true,"href":"https:\/\/mglashes.ca\/distribution\/wp-json\/wp\/v2\/media\/3416"}],"wp:attachment":[{"href":"https:\/\/mglashes.ca\/distribution\/wp-json\/wp\/v2\/media?parent=3415"}],"wp:term":[{"taxonomy":"product_brand","embeddable":true,"href":"https:\/\/mglashes.ca\/distribution\/wp-json\/wp\/v2\/product_brand?post=3415"},{"taxonomy":"product_cat","embeddable":true,"href":"https:\/\/mglashes.ca\/distribution\/wp-json\/wp\/v2\/product_cat?post=3415"},{"taxonomy":"product_tag","embeddable":true,"href":"https:\/\/mglashes.ca\/distribution\/wp-json\/wp\/v2\/product_tag?post=3415"}],"curies":[{"name":"wp","href":"https:\/\/api.w.org\/{rel}","templated":true}]}}