{"id":3279,"date":"2024-03-27T13:41:58","date_gmt":"2024-03-27T18:41:58","guid":{"rendered":"https:\/\/mglashes.ca\/distribution\/?post_type=product&#038;p=3279"},"modified":"2026-03-03T11:16:48","modified_gmt":"2026-03-03T16:16:48","slug":"boitiers-5w","status":"publish","type":"product","link":"https:\/\/mglashes.ca\/distribution\/produit\/boitiers-5w\/","title":{"rendered":"Boitiers 5W"},"content":{"rendered":"","protected":false},"excerpt":{"rendered":"<p>Nos cils fabriqu\u00e9s sont cr\u00e9\u00e9s pour garder chaque artiste de cils \u00e0 l\u2019esprit et pour les aider \u00e0 cr\u00e9er leur chef-d\u2019\u0153uvre final.\u00a0Chaque plateau a \u00e9t\u00e9 cr\u00e9\u00e9 pour garantir que chaque boucle, longueur et diam\u00e8tre sont coh\u00e9rents.<\/p>\n<p><strong>Fabriqu\u00e9s en fibre synth\u00e9tique PBT de qualit\u00e9 sup\u00e9rieure. La fibre de nylon la plus douce du march\u00e9!<\/strong><\/p>\n<p><strong>Caract\u00e9ristiques:<\/strong><\/p>\n<ul>\n<li>16 rang\u00e9es<\/li>\n<li>Finition mate<\/li>\n<li>Support en aluminium<\/li>\n<li>Bandes \u00e9tiquet\u00e9es avec diam\u00e8tre, courbe et longueur<\/li>\n<li>Plateau \u00e9tiquet\u00e9 en haut et en bas pour un rangement facile<\/li>\n<li>Bande orange pour un visuel facile des cils individuels<\/li>\n<li>Retrait facile de chaque extension<\/li>\n<li>Longueurs de plateaux simples disponibles<\/li>\n<li>Longueur de plateaux mixtes disponible de 7 \u00e0 13 mm<\/li>\n<li>Diam\u00e8tres disponibles .07<\/li>\n<\/ul>\n","protected":false},"featured_media":3157,"comment_status":"open","ping_status":"closed","template":"","meta":{"_et_pb_use_builder":"","_et_pb_old_content":"","_et_gb_content_width":""},"product_brand":[],"product_cat":[259,361],"product_tag":[66],"class_list":{"0":"post-3279","1":"product","2":"type-product","3":"status-publish","4":"has-post-thumbnail","6":"product_cat-mg-lashes-2","7":"product_cat-yy-w-u","8":"product_tag-lashes","9":"product_shipping_class-forfait","11":"first","12":"outofstock","13":"taxable","14":"shipping-taxable","15":"purchasable","16":"product-type-variable","17":"has-default-attributes"},"jetpack_sharing_enabled":true,"_links":{"self":[{"href":"https:\/\/mglashes.ca\/distribution\/wp-json\/wp\/v2\/product\/3279","targetHints":{"allow":["GET"]}}],"collection":[{"href":"https:\/\/mglashes.ca\/distribution\/wp-json\/wp\/v2\/product"}],"about":[{"href":"https:\/\/mglashes.ca\/distribution\/wp-json\/wp\/v2\/types\/product"}],"replies":[{"embeddable":true,"href":"https:\/\/mglashes.ca\/distribution\/wp-json\/wp\/v2\/comments?post=3279"}],"wp:featuredmedia":[{"embeddable":true,"href":"https:\/\/mglashes.ca\/distribution\/wp-json\/wp\/v2\/media\/3157"}],"wp:attachment":[{"href":"https:\/\/mglashes.ca\/distribution\/wp-json\/wp\/v2\/media?parent=3279"}],"wp:term":[{"taxonomy":"product_brand","embeddable":true,"href":"https:\/\/mglashes.ca\/distribution\/wp-json\/wp\/v2\/product_brand?post=3279"},{"taxonomy":"product_cat","embeddable":true,"href":"https:\/\/mglashes.ca\/distribution\/wp-json\/wp\/v2\/product_cat?post=3279"},{"taxonomy":"product_tag","embeddable":true,"href":"https:\/\/mglashes.ca\/distribution\/wp-json\/wp\/v2\/product_tag?post=3279"}],"curies":[{"name":"wp","href":"https:\/\/api.w.org\/{rel}","templated":true}]}}