{"id":294,"date":"2023-01-12T13:15:38","date_gmt":"2023-01-12T18:15:38","guid":{"rendered":"https:\/\/mglashes.ca\/distribution\/?post_type=product&#038;p=294"},"modified":"2026-03-03T11:35:46","modified_gmt":"2026-03-03T16:35:46","slug":"boitiers-courbe-c","status":"publish","type":"product","link":"https:\/\/mglashes.ca\/distribution\/produit\/boitiers-courbe-c\/","title":{"rendered":"Boitiers courbe C"},"content":{"rendered":"","protected":false},"excerpt":{"rendered":"<p style=\"margin: 0cm 0cm 11.25pt 0cm;\"><span style=\"font-size: 10.0pt; font-family: 'Lato',sans-serif; color: black;\">Nos cils fabriqu\u00e9s sont cr\u00e9\u00e9s pour garder chaque artiste de cils \u00e0 l&rsquo;esprit et pour les aider \u00e0 cr\u00e9er leur chef-d&rsquo;\u0153uvre final.\u00a0Chaque plateau a \u00e9t\u00e9 cr\u00e9\u00e9 pour garantir que chaque boucle, longueur et diam\u00e8tre sont coh\u00e9rents.\u00a0<\/span><\/p>\n<p><strong>Fabriqu\u00e9s en fibre synth\u00e9tique PBT Korea.\u00a0La fibre de nylon la plus douce du march\u00e9<\/strong><\/p>\n<p><strong>Caract\u00e9ristiques:<\/strong><\/p>\n<ul>\n<li>16 rang\u00e9es<\/li>\n<li>finition mate<\/li>\n<li>support en aluminium<\/li>\n<li>bandes \u00e9tiquet\u00e9es avec diam\u00e8tre et longueur<\/li>\n<li>plateau \u00e9tiquet\u00e9 en haut et en bas pour un rangement facile<\/li>\n<li>bande orange pour un visuel facile des cils individuels<\/li>\n<li>retrait facile de chaque extension<\/li>\n<li>longueurs de plateaux simples disponibles<\/li>\n<li>longueur de plateaux mixtes disponible de 7 \u00e0 13 mm<\/li>\n<li>diam\u00e8tres disponibles .05 .07 .12 .15 .18<\/li>\n<\/ul>\n","protected":false},"featured_media":199,"comment_status":"open","ping_status":"closed","template":"","meta":{"_et_pb_use_builder":"","_et_pb_old_content":"","_et_gb_content_width":""},"product_brand":[],"product_cat":[257,360],"product_tag":[66],"class_list":{"0":"post-294","1":"product","2":"type-product","3":"status-publish","4":"has-post-thumbnail","6":"product_cat-lash-artisan","7":"product_cat-cils-volume","8":"product_tag-lashes","9":"product_shipping_class-forfait","11":"first","12":"instock","13":"sale","14":"taxable","15":"shipping-taxable","16":"purchasable","17":"product-type-variable","18":"has-default-attributes"},"jetpack_sharing_enabled":true,"_links":{"self":[{"href":"https:\/\/mglashes.ca\/distribution\/wp-json\/wp\/v2\/product\/294","targetHints":{"allow":["GET"]}}],"collection":[{"href":"https:\/\/mglashes.ca\/distribution\/wp-json\/wp\/v2\/product"}],"about":[{"href":"https:\/\/mglashes.ca\/distribution\/wp-json\/wp\/v2\/types\/product"}],"replies":[{"embeddable":true,"href":"https:\/\/mglashes.ca\/distribution\/wp-json\/wp\/v2\/comments?post=294"}],"wp:featuredmedia":[{"embeddable":true,"href":"https:\/\/mglashes.ca\/distribution\/wp-json\/wp\/v2\/media\/199"}],"wp:attachment":[{"href":"https:\/\/mglashes.ca\/distribution\/wp-json\/wp\/v2\/media?parent=294"}],"wp:term":[{"taxonomy":"product_brand","embeddable":true,"href":"https:\/\/mglashes.ca\/distribution\/wp-json\/wp\/v2\/product_brand?post=294"},{"taxonomy":"product_cat","embeddable":true,"href":"https:\/\/mglashes.ca\/distribution\/wp-json\/wp\/v2\/product_cat?post=294"},{"taxonomy":"product_tag","embeddable":true,"href":"https:\/\/mglashes.ca\/distribution\/wp-json\/wp\/v2\/product_tag?post=294"}],"curies":[{"name":"wp","href":"https:\/\/api.w.org\/{rel}","templated":true}]}}