{"id":2599,"date":"2023-10-12T22:05:16","date_gmt":"2023-10-13T03:05:16","guid":{"rendered":"https:\/\/mglashes.ca\/distribution\/?post_type=product&#038;p=2599"},"modified":"2026-02-04T20:42:24","modified_gmt":"2026-02-05T01:42:24","slug":"duo-limonade-rose","status":"publish","type":"product","link":"https:\/\/mglashes.ca\/distribution\/produit\/duo-limonade-rose\/","title":{"rendered":"Duo Limonade Rose"},"content":{"rendered":"","protected":false},"excerpt":{"rendered":"<p><u>Bon pour vos l\u00e8vres + bon pour la plan\u00e8te !\u00a0<\/u><\/p>\n<p>Bye bye l\u00e8vres gerc\u00e9es et s\u00e8ches, notre baume \u00e0 l\u00e8vres longue dur\u00e9e gardera vos l\u00e8vres lisses et hydrat\u00e9es toute l&rsquo;ann\u00e9e. Et ils sont 100% sans culpabilit\u00e9, enti\u00e8rement naturels, v\u00e9g\u00e9taliens, emball\u00e9s dans un tube biod\u00e9gradable et \u00e9cologique !<\/p>\n<p>Ingr\u00e9dients : Huile de noix de coco biologique &#8211; Cire de candelilla &#8211; Beurre de karit\u00e9 biologique &#8211; Huile de ricin biologique &#8211; Vitamine E &#8211; Ar\u00f4mes naturels biologiques.<\/p>\n<p>G\u00e2tez vos l\u00e8vres avec cette douce friandise ! C&rsquo;est le compl\u00e9ment parfait \u00e0 votre routine de soin des l\u00e8vres&#8230; Le sucre fin donne aux l\u00e8vres une l\u00e9g\u00e8re exfoliation et l&rsquo;huile de jojoba bio + le beurre de karit\u00e9 bio les laissent hydrat\u00e9es, douces et lisses.<\/p>\n<p>Oh et au fait&#8230; C&rsquo;est totalement comestible !<\/p>\n<p>Ces duos \u00e0 l\u00e8vres sont :<\/p>\n<p>. 100% Naturel<br \/>\n. V\u00e9g\u00e9taliens<br \/>\n. \u00c9cologiques<br \/>\n. 100% compostables<br \/>\n. Fabriqu\u00e9 avec des huiles et du beurre biologiques<br \/>\n. Fait \u00e0 la main en petits lots<br \/>\n. Sans plastique<br \/>\n. Fait avec amour !<br \/>\n. Fi\u00e8rement canadien<\/p>\n<p>Baume \u00e0 l\u00e8vres :\u00a07 g &#8211; 0,25 oz<\/p>\n<p>Exfoliant pour les l\u00e8vres\u00a01oz<em>\u00a0&#8211; 28g<\/em><\/p>\n","protected":false},"featured_media":2600,"comment_status":"open","ping_status":"closed","template":"","meta":{"_et_pb_use_builder":"","_et_pb_old_content":"","_et_gb_content_width":""},"product_brand":[],"product_cat":[242],"product_tag":[247],"class_list":{"0":"post-2599","1":"product","2":"type-product","3":"status-publish","4":"has-post-thumbnail","6":"product_cat-duos-essentiels","7":"product_tag-duo-essentiel","8":"product_shipping_class-forfait","10":"first","11":"outofstock","12":"taxable","13":"shipping-taxable","14":"purchasable","15":"product-type-simple"},"jetpack_sharing_enabled":true,"_links":{"self":[{"href":"https:\/\/mglashes.ca\/distribution\/wp-json\/wp\/v2\/product\/2599","targetHints":{"allow":["GET"]}}],"collection":[{"href":"https:\/\/mglashes.ca\/distribution\/wp-json\/wp\/v2\/product"}],"about":[{"href":"https:\/\/mglashes.ca\/distribution\/wp-json\/wp\/v2\/types\/product"}],"replies":[{"embeddable":true,"href":"https:\/\/mglashes.ca\/distribution\/wp-json\/wp\/v2\/comments?post=2599"}],"wp:featuredmedia":[{"embeddable":true,"href":"https:\/\/mglashes.ca\/distribution\/wp-json\/wp\/v2\/media\/2600"}],"wp:attachment":[{"href":"https:\/\/mglashes.ca\/distribution\/wp-json\/wp\/v2\/media?parent=2599"}],"wp:term":[{"taxonomy":"product_brand","embeddable":true,"href":"https:\/\/mglashes.ca\/distribution\/wp-json\/wp\/v2\/product_brand?post=2599"},{"taxonomy":"product_cat","embeddable":true,"href":"https:\/\/mglashes.ca\/distribution\/wp-json\/wp\/v2\/product_cat?post=2599"},{"taxonomy":"product_tag","embeddable":true,"href":"https:\/\/mglashes.ca\/distribution\/wp-json\/wp\/v2\/product_tag?post=2599"}],"curies":[{"name":"wp","href":"https:\/\/api.w.org\/{rel}","templated":true}]}}