{"id":2567,"date":"2023-10-12T20:45:24","date_gmt":"2023-10-13T01:45:24","guid":{"rendered":"https:\/\/mglashes.ca\/distribution\/?post_type=product&#038;p=2567"},"modified":"2026-02-04T20:44:55","modified_gmt":"2026-02-05T01:44:55","slug":"exfoliant-a-levres-berry-cute","status":"publish","type":"product","link":"https:\/\/mglashes.ca\/distribution\/produit\/exfoliant-a-levres-berry-cute\/","title":{"rendered":"Exfoliant \u00e0 l\u00e8vres Berry Cute"},"content":{"rendered":"","protected":false},"excerpt":{"rendered":"<p><strong>Exfoliant pour les l\u00e8vres<\/strong>\u00a01oz<em>\u00a0&#8211; 28g<\/em><\/p>\n<p><strong>La saveur :<\/strong>\u00a0Baies d&rsquo;a\u00e7a\u00ef + bleuets<\/p>\n<div class=\"rte product-single__description\">\n<p>G\u00e2tez vos l\u00e8vres avec cette douce friandise ! C&rsquo;est le compl\u00e9ment parfait \u00e0 votre routine de soin des l\u00e8vres&#8230; Le sucre fin donne aux l\u00e8vres une l\u00e9g\u00e8re exfoliation et l&rsquo;huile de jojoba bio + le beurre de karit\u00e9 bio les laissent hydrat\u00e9es, douces et lisses.<\/p>\n<p>Oh et au fait&#8230; C&rsquo;est totalement comestible ! !<\/p>\n<p><b>Directions :<\/b><\/p>\n<p>Du bout des doigts, massez une petite quantit\u00e9 de gommage sur les l\u00e8vres humides.\u00a0L\u00e9chez l&rsquo;exc\u00e9dent ou essuyez-le avec un papier ou une lingette.\u00a0Conserver dans un endroit frais et sec.<\/p>\n<p><strong>Ingr\u00e9dients :<\/strong><\/p>\n<p>Sucre,\u00a0huile de jojoba biologique, beurre de karit\u00e9 biologique, ar\u00f4mes naturels biologiques, colorants alimentaires.<\/p>\n<p>Le gommage des l\u00e8vres est :<\/p>\n<p>. Fait \u00e0 la main en petits lots<br \/>\n. Naturel<br \/>\n. V\u00e9gan<br \/>\n. Comestible<br \/>\n. Jamais test\u00e9 sur des animaux<br \/>\n. Fabriqu\u00e9 avec des huiles biologiques<br \/>\n. Fait avec amour !<br \/>\n. Fi\u00e8rement canadien<\/p>\n<\/div>\n<p>*\u00a0 Aussi offert en duo avec le baume \u00e0 l\u00e8vres<\/p>\n","protected":false},"featured_media":2568,"comment_status":"open","ping_status":"closed","template":"","meta":{"_et_pb_use_builder":"","_et_pb_old_content":"","_et_gb_content_width":""},"product_brand":[],"product_cat":[241],"product_tag":[244],"class_list":{"0":"post-2567","1":"product","2":"type-product","3":"status-publish","4":"has-post-thumbnail","6":"product_cat-exfoliants-levres","7":"product_tag-exfoliant-levres","8":"product_shipping_class-forfait","10":"first","11":"outofstock","12":"taxable","13":"shipping-taxable","14":"purchasable","15":"product-type-simple"},"jetpack_sharing_enabled":true,"_links":{"self":[{"href":"https:\/\/mglashes.ca\/distribution\/wp-json\/wp\/v2\/product\/2567","targetHints":{"allow":["GET"]}}],"collection":[{"href":"https:\/\/mglashes.ca\/distribution\/wp-json\/wp\/v2\/product"}],"about":[{"href":"https:\/\/mglashes.ca\/distribution\/wp-json\/wp\/v2\/types\/product"}],"replies":[{"embeddable":true,"href":"https:\/\/mglashes.ca\/distribution\/wp-json\/wp\/v2\/comments?post=2567"}],"wp:featuredmedia":[{"embeddable":true,"href":"https:\/\/mglashes.ca\/distribution\/wp-json\/wp\/v2\/media\/2568"}],"wp:attachment":[{"href":"https:\/\/mglashes.ca\/distribution\/wp-json\/wp\/v2\/media?parent=2567"}],"wp:term":[{"taxonomy":"product_brand","embeddable":true,"href":"https:\/\/mglashes.ca\/distribution\/wp-json\/wp\/v2\/product_brand?post=2567"},{"taxonomy":"product_cat","embeddable":true,"href":"https:\/\/mglashes.ca\/distribution\/wp-json\/wp\/v2\/product_cat?post=2567"},{"taxonomy":"product_tag","embeddable":true,"href":"https:\/\/mglashes.ca\/distribution\/wp-json\/wp\/v2\/product_tag?post=2567"}],"curies":[{"name":"wp","href":"https:\/\/api.w.org\/{rel}","templated":true}]}}