{"id":2534,"date":"2023-10-04T21:43:59","date_gmt":"2023-10-05T02:43:59","guid":{"rendered":"https:\/\/mglashes.ca\/distribution\/?post_type=product&#038;p=2534"},"modified":"2023-10-16T11:57:56","modified_gmt":"2023-10-16T16:57:56","slug":"exfoliant-levres-ma-poire","status":"publish","type":"product","link":"https:\/\/mglashes.ca\/distribution\/produit\/exfoliant-levres-ma-poire\/","title":{"rendered":"Exfoliant \u00e0 l\u00e8vres Ma Poire"},"content":{"rendered":"","protected":false},"excerpt":{"rendered":"<p><strong>Exfoliant pour les l\u00e8vres<\/strong>\u00a01oz<em>\u00a0&#8211; 28g<\/em><\/p>\n<p><strong>La saveur :<\/strong>\u00a0Poire + Pomme verte<\/p>\n<div class=\"rte product-single__description\">\n<p>G\u00e2tez vos l\u00e8vres avec cette douce friandise ! C&rsquo;est le compl\u00e9ment parfait \u00e0 votre routine de soin des l\u00e8vres&#8230; Le sucre fin donne aux l\u00e8vres une l\u00e9g\u00e8re exfoliation et l&rsquo;huile de jojoba bio + le beurre de karit\u00e9 bio les laissent hydrat\u00e9es, douces et lisses.<\/p>\n<p>Oh et au fait&#8230; C&rsquo;est totalement comestible !<\/p>\n<p><b>Directions :<\/b><\/p>\n<p>Du bout des doigts, massez une petite quantit\u00e9 de gommage sur les l\u00e8vres humides.\u00a0L\u00e9chez l&rsquo;exc\u00e9dent ou essuyez-le avec un papier ou une lingette.Conserver dans un endroit frais et sec.<\/p>\n<p><strong>Ingr\u00e9dients :<\/strong><\/p>\n<p>Sucre,\u00a0huile de jojoba biologique, beurre de karit\u00e9 biologique, ar\u00f4mes naturels biologiques, colorants alimentaires.<\/p>\n<p>Le gommage des l\u00e8vres est :<\/p>\n<p>&#8211; Fait \u00e0 la main en petits lots<br \/>\n&#8211; Naturel<br \/>\n&#8211; V\u00e9gan<br \/>\n&#8211; Comestible<br \/>\n&#8211; Jamais test\u00e9 sur des animaux<br \/>\n&#8211; Fabriqu\u00e9 avec des huiles biologiques<br \/>\n&#8211; Fait avec amour !<br \/>\n&#8211; Fi\u00e8rement canadien<\/p>\n<p>*\u00a0 Aussi offert en duo avec le baume \u00e0 l\u00e8vres<\/p>\n<\/div>\n","protected":false},"featured_media":2535,"comment_status":"open","ping_status":"closed","template":"","meta":{"_et_pb_use_builder":"","_et_pb_old_content":"","_et_gb_content_width":""},"product_brand":[],"product_cat":[241],"product_tag":[244],"class_list":{"0":"post-2534","1":"product","2":"type-product","3":"status-publish","4":"has-post-thumbnail","6":"product_cat-exfoliants-levres","7":"product_tag-exfoliant-levres","8":"product_shipping_class-forfait","10":"first","11":"instock","12":"taxable","13":"shipping-taxable","14":"purchasable","15":"product-type-simple"},"jetpack_sharing_enabled":true,"_links":{"self":[{"href":"https:\/\/mglashes.ca\/distribution\/wp-json\/wp\/v2\/product\/2534","targetHints":{"allow":["GET"]}}],"collection":[{"href":"https:\/\/mglashes.ca\/distribution\/wp-json\/wp\/v2\/product"}],"about":[{"href":"https:\/\/mglashes.ca\/distribution\/wp-json\/wp\/v2\/types\/product"}],"replies":[{"embeddable":true,"href":"https:\/\/mglashes.ca\/distribution\/wp-json\/wp\/v2\/comments?post=2534"}],"wp:featuredmedia":[{"embeddable":true,"href":"https:\/\/mglashes.ca\/distribution\/wp-json\/wp\/v2\/media\/2535"}],"wp:attachment":[{"href":"https:\/\/mglashes.ca\/distribution\/wp-json\/wp\/v2\/media?parent=2534"}],"wp:term":[{"taxonomy":"product_brand","embeddable":true,"href":"https:\/\/mglashes.ca\/distribution\/wp-json\/wp\/v2\/product_brand?post=2534"},{"taxonomy":"product_cat","embeddable":true,"href":"https:\/\/mglashes.ca\/distribution\/wp-json\/wp\/v2\/product_cat?post=2534"},{"taxonomy":"product_tag","embeddable":true,"href":"https:\/\/mglashes.ca\/distribution\/wp-json\/wp\/v2\/product_tag?post=2534"}],"curies":[{"name":"wp","href":"https:\/\/api.w.org\/{rel}","templated":true}]}}