{"id":184,"date":"2023-01-12T12:20:58","date_gmt":"2023-01-12T17:20:58","guid":{"rendered":"https:\/\/mglashes.ca\/distribution\/?post_type=product&#038;p=184"},"modified":"2026-03-03T11:34:59","modified_gmt":"2026-03-03T16:34:59","slug":"boitiers-flat","status":"publish","type":"product","link":"https:\/\/mglashes.ca\/distribution\/produit\/boitiers-flat\/","title":{"rendered":"Boitiers  Flat"},"content":{"rendered":"","protected":false},"excerpt":{"rendered":"<p>Notre plus r\u00e9cent ajout \u00e0 la demande de cils plats. Les cils plats sont \u00ab\u00a0Plats\u00a0\u00bb \u00e0 la base. Lorsqu&rsquo;il est coll\u00e9 \u00e0 un cil naturel (le placement doit \u00eatre coll\u00e9 par le haut ou par le bas), il cr\u00e9era une ligne des yeux plus dense. Cela cr\u00e9era un look plus dramatique.<\/p>\n<p><strong>Diam\u00e8tre unique<\/strong> : 0,15<\/p>\n<p><strong>Longueur disponible:<\/strong><\/p>\n<ul>\n<li>9mm<\/li>\n<li>10mm<\/li>\n<li>11mm<\/li>\n<li>12mm<\/li>\n<li>13mm<\/li>\n<li>14mm<\/li>\n<li>15mm<\/li>\n<\/ul>\n","protected":false},"featured_media":185,"comment_status":"open","ping_status":"closed","template":"","meta":{"_et_pb_use_builder":"","_et_pb_old_content":"","_et_gb_content_width":""},"product_brand":[],"product_cat":[359,257],"product_tag":[66],"class_list":{"0":"post-184","1":"product","2":"type-product","3":"status-publish","4":"has-post-thumbnail","6":"product_cat-cils-classique","7":"product_cat-lash-artisan","8":"product_tag-lashes","9":"product_shipping_class-forfait","11":"first","12":"instock","13":"sale","14":"taxable","15":"shipping-taxable","16":"purchasable","17":"product-type-variable","18":"has-default-attributes"},"jetpack_sharing_enabled":true,"_links":{"self":[{"href":"https:\/\/mglashes.ca\/distribution\/wp-json\/wp\/v2\/product\/184","targetHints":{"allow":["GET"]}}],"collection":[{"href":"https:\/\/mglashes.ca\/distribution\/wp-json\/wp\/v2\/product"}],"about":[{"href":"https:\/\/mglashes.ca\/distribution\/wp-json\/wp\/v2\/types\/product"}],"replies":[{"embeddable":true,"href":"https:\/\/mglashes.ca\/distribution\/wp-json\/wp\/v2\/comments?post=184"}],"wp:featuredmedia":[{"embeddable":true,"href":"https:\/\/mglashes.ca\/distribution\/wp-json\/wp\/v2\/media\/185"}],"wp:attachment":[{"href":"https:\/\/mglashes.ca\/distribution\/wp-json\/wp\/v2\/media?parent=184"}],"wp:term":[{"taxonomy":"product_brand","embeddable":true,"href":"https:\/\/mglashes.ca\/distribution\/wp-json\/wp\/v2\/product_brand?post=184"},{"taxonomy":"product_cat","embeddable":true,"href":"https:\/\/mglashes.ca\/distribution\/wp-json\/wp\/v2\/product_cat?post=184"},{"taxonomy":"product_tag","embeddable":true,"href":"https:\/\/mglashes.ca\/distribution\/wp-json\/wp\/v2\/product_tag?post=184"}],"curies":[{"name":"wp","href":"https:\/\/api.w.org\/{rel}","templated":true}]}}