{"id":168,"date":"2023-01-12T12:03:38","date_gmt":"2023-01-12T12:03:38","guid":{"rendered":"https:\/\/mglashes.ca\/distribution\/?post_type=product&#038;p=168"},"modified":"2026-03-03T11:36:43","modified_gmt":"2026-03-03T16:36:43","slug":"6d-pre-faits-courbe-cc","status":"publish","type":"product","link":"https:\/\/mglashes.ca\/distribution\/produit\/6d-pre-faits-courbe-cc\/","title":{"rendered":"6D Pr\u00e9-faits courbe CC"},"content":{"rendered":"","protected":false},"excerpt":{"rendered":"<p style=\"margin: 0cm 0cm 11.25pt 0cm;\"><span style=\"font-size: 10.0pt; font-family: 'Lato',sans-serif; color: black;\">Nos bouquets de volume fait \u00e0 la main, sont fabriqu\u00e9s avec des fibres synth\u00e9tiques.\u00a0Chacun finement con\u00e7u par un technicien et scell\u00e9 \u00e0 la base avec de la chaleur pour cr\u00e9er une queue fusionn\u00e9e de mani\u00e8re semi-permanente.\u00a0<\/span><\/p>\n<p style=\"box-sizing: border-box; margin: 0cm 0cm 11.25pt 0cm;\"><span style=\"font-size: 10.0pt; font-family: 'Lato',sans-serif; color: black;\">Chaque \u00e9ventail est espac\u00e9 de mani\u00e8re sym\u00e9trique pour une bonne r\u00e9partition du poids lorsqu&rsquo;il est plac\u00e9 sur un cil naturel.\u00a0<\/span><\/p>\n<p style=\"box-sizing: border-box; margin: 0cm 0cm 11.25pt 0cm;\"><span style=\"font-size: 10.0pt; font-family: 'Lato',sans-serif; color: black;\">Chaque plateau se compose de 16 rang\u00e9es et de 10 bouquets par rang\u00e9e.\u00a0160 bouquet volume r\u00e9alis\u00e9s par plateau.<\/span><\/p>\n<p style=\"box-sizing: border-box; margin: 0cm 0cm 11.25pt 0cm;\"><span style=\"font-size: 10.0pt; font-family: 'Lato',sans-serif; color: black;\">Si vous avez envisag\u00e9 d&rsquo;utiliser des bouquets volume et avez entendu tous les avantages et les inconv\u00e9nients, nous dirions, essayez-le une fois, puis d\u00e9cidez ce qui fonctionnera le mieux avec votre carri\u00e8re de cils.\u00a0Notre seul must, vous devriez \u00eatre form\u00e9 \u00e0 l&rsquo;arrimage de volume.\u00a0<\/span><\/p>\n<p><span style=\"font-size: 10.0pt; font-family: 'Lato',sans-serif; color: black;\"><strong>Diam\u00e8tre :<\/strong> 0,05<\/span><\/p>\n<p style=\"margin: 0cm 0cm 11.25pt 0cm;\"><strong><span style=\"font-size: 10.0pt; font-family: 'Lato',sans-serif; color: black;\">Longueurs disponibles:\u00a0<\/span><\/strong><\/p>\n<ul>\n<li style=\"box-sizing: border-box;\"><span style=\"font-size: 10.0pt; font-family: 'Lato',sans-serif; color: black;\">9mm <\/span><\/li>\n<li style=\"box-sizing: border-box;\"><span style=\"font-size: 10.0pt; font-family: 'Lato',sans-serif; color: black;\">10mm <\/span><\/li>\n<li style=\"box-sizing: border-box;\"><span style=\"font-size: 10.0pt; font-family: 'Lato',sans-serif; color: black;\">11mm <\/span><\/li>\n<li style=\"box-sizing: border-box;\"><span style=\"font-size: 10.0pt; font-family: 'Lato',sans-serif; color: black;\">12mm <\/span><\/li>\n<li style=\"box-sizing: border-box;\"><span style=\"font-size: 10.0pt; font-family: 'Lato',sans-serif; color: black;\">13mm<\/span><\/li>\n<li style=\"box-sizing: border-box;\"><span style=\"font-size: 10.0pt; font-family: 'Lato',sans-serif; color: black;\"> 14mm<\/span><\/li>\n<li style=\"box-sizing: border-box;\"><span style=\"font-size: 10.0pt; font-family: 'Lato',sans-serif; color: black;\"> 15mm<\/span><\/li>\n<\/ul>\n","protected":false},"featured_media":159,"comment_status":"open","ping_status":"closed","template":"","meta":{"_et_pb_use_builder":"","_et_pb_old_content":"","_et_gb_content_width":""},"product_brand":[],"product_cat":[257,360],"product_tag":[66],"class_list":{"0":"post-168","1":"product","2":"type-product","3":"status-publish","4":"has-post-thumbnail","6":"product_cat-lash-artisan","7":"product_cat-cils-volume","8":"product_tag-lashes","9":"product_shipping_class-forfait","11":"first","12":"instock","13":"sale","14":"taxable","15":"shipping-taxable","16":"purchasable","17":"product-type-variable","18":"has-default-attributes"},"jetpack_sharing_enabled":true,"_links":{"self":[{"href":"https:\/\/mglashes.ca\/distribution\/wp-json\/wp\/v2\/product\/168","targetHints":{"allow":["GET"]}}],"collection":[{"href":"https:\/\/mglashes.ca\/distribution\/wp-json\/wp\/v2\/product"}],"about":[{"href":"https:\/\/mglashes.ca\/distribution\/wp-json\/wp\/v2\/types\/product"}],"replies":[{"embeddable":true,"href":"https:\/\/mglashes.ca\/distribution\/wp-json\/wp\/v2\/comments?post=168"}],"wp:featuredmedia":[{"embeddable":true,"href":"https:\/\/mglashes.ca\/distribution\/wp-json\/wp\/v2\/media\/159"}],"wp:attachment":[{"href":"https:\/\/mglashes.ca\/distribution\/wp-json\/wp\/v2\/media?parent=168"}],"wp:term":[{"taxonomy":"product_brand","embeddable":true,"href":"https:\/\/mglashes.ca\/distribution\/wp-json\/wp\/v2\/product_brand?post=168"},{"taxonomy":"product_cat","embeddable":true,"href":"https:\/\/mglashes.ca\/distribution\/wp-json\/wp\/v2\/product_cat?post=168"},{"taxonomy":"product_tag","embeddable":true,"href":"https:\/\/mglashes.ca\/distribution\/wp-json\/wp\/v2\/product_tag?post=168"}],"curies":[{"name":"wp","href":"https:\/\/api.w.org\/{rel}","templated":true}]}}