{"id":14,"date":"2023-01-11T21:24:26","date_gmt":"2023-01-12T02:24:26","guid":{"rendered":"https:\/\/mglashes.ca\/distribution\/?post_type=product&#038;p=14"},"modified":"2026-03-03T11:39:59","modified_gmt":"2026-03-03T16:39:59","slug":"gel-dissolvant","status":"publish","type":"product","link":"https:\/\/mglashes.ca\/distribution\/produit\/gel-dissolvant\/","title":{"rendered":"Gel dissolvant"},"content":{"rendered":"","protected":false},"excerpt":{"rendered":"<p><strong>Gel dissolvant:<\/strong><\/p>\n<p>Dissolvant d&rsquo;extension de cils en gel<\/p>\n<p>Notre dissolvant d&rsquo;extensions de cils en gel sp\u00e9cialement formul\u00e9 ne n\u00e9cessite qu&rsquo;une seule pompe contr\u00f4l\u00e9e pour retirer les extensions de cils rapidement, en toute s\u00e9curit\u00e9 et en douceur. Il a un agr\u00e9able parfum frais et laisse une surface des cils nourrie et hydrat\u00e9e.<\/p>\n<p>Le dissolvant pour extensions de cils en gel est livr\u00e9 dans une pompe de 15 ml<\/p>\n<p>Ingr\u00e9dients : GBL-Tri\u00e9thyl\u00e8ne glycol mono butyl \u00e9ther, tripropyl\u00e8ne glycol n-butyl \u00e9ther, Alkyl glucoside. Propyl\u00e8ne glycol, homopolym\u00e8re de chlorure de diallyldim\u00e9thylammonium, polyacrylamide<\/p>\n<p>Technique d&rsquo;application appropri\u00e9e pour le dissolvant d&rsquo;extension de cils en gel :<\/p>\n<ul>\n<li>Assurez-vous d&rsquo;isoler les cils inf\u00e9rieurs avec des coussinets pour les yeux.<\/li>\n<li>Assurez-vous d&rsquo;avertir les clients de garder les yeux ferm\u00e9s en tout temps.<\/li>\n<li>Assurez-vous d&rsquo;avoir une solution saline pr\u00eate au cas o\u00f9 un produit entrerait en contact avec les yeux du client.<\/li>\n<li>Assurez-vous d&rsquo;appliquer avec parcimonie le long de la base de l&rsquo;extension.<\/li>\n<\/ul>\n<p>Une fois appliqu\u00e9, laissez-le reposer pendant 5 minutes. Ne touchez pas et n&rsquo;essayez pas de frotter les extensions. Laissez le produit agir sur l&rsquo;adh\u00e9sif et il devrait glisser facilement. Il est conseill\u00e9 de terminer le soin avec un\u00a0double shampooing de cils.<\/p>\n","protected":false},"featured_media":15,"comment_status":"open","ping_status":"closed","template":"","meta":{"_et_pb_use_builder":"","_et_pb_old_content":"","_et_gb_content_width":""},"product_brand":[],"product_cat":[363,257],"product_tag":[28],"class_list":{"0":"post-14","1":"product","2":"type-product","3":"status-publish","4":"has-post-thumbnail","6":"product_cat-dissolvant","7":"product_cat-lash-artisan","8":"product_tag-dissolvant","9":"product_shipping_class-forfait","11":"first","12":"outofstock","13":"taxable","14":"shipping-taxable","15":"purchasable","16":"product-type-simple"},"jetpack_sharing_enabled":true,"_links":{"self":[{"href":"https:\/\/mglashes.ca\/distribution\/wp-json\/wp\/v2\/product\/14","targetHints":{"allow":["GET"]}}],"collection":[{"href":"https:\/\/mglashes.ca\/distribution\/wp-json\/wp\/v2\/product"}],"about":[{"href":"https:\/\/mglashes.ca\/distribution\/wp-json\/wp\/v2\/types\/product"}],"replies":[{"embeddable":true,"href":"https:\/\/mglashes.ca\/distribution\/wp-json\/wp\/v2\/comments?post=14"}],"wp:featuredmedia":[{"embeddable":true,"href":"https:\/\/mglashes.ca\/distribution\/wp-json\/wp\/v2\/media\/15"}],"wp:attachment":[{"href":"https:\/\/mglashes.ca\/distribution\/wp-json\/wp\/v2\/media?parent=14"}],"wp:term":[{"taxonomy":"product_brand","embeddable":true,"href":"https:\/\/mglashes.ca\/distribution\/wp-json\/wp\/v2\/product_brand?post=14"},{"taxonomy":"product_cat","embeddable":true,"href":"https:\/\/mglashes.ca\/distribution\/wp-json\/wp\/v2\/product_cat?post=14"},{"taxonomy":"product_tag","embeddable":true,"href":"https:\/\/mglashes.ca\/distribution\/wp-json\/wp\/v2\/product_tag?post=14"}],"curies":[{"name":"wp","href":"https:\/\/api.w.org\/{rel}","templated":true}]}}