{"id":1391,"date":"2023-01-26T15:55:57","date_gmt":"2023-01-26T20:55:57","guid":{"rendered":"https:\/\/mglashes.ca\/distribution\/?post_type=product&#038;p=1391"},"modified":"2026-03-03T11:21:36","modified_gmt":"2026-03-03T16:21:36","slug":"brosses-reutilisables","status":"publish","type":"product","link":"https:\/\/mglashes.ca\/distribution\/produit\/brosses-reutilisables\/","title":{"rendered":"Brosses r\u00e9utilisables"},"content":{"rendered":"","protected":false},"excerpt":{"rendered":"<p>Brosser vos cils vos cils proprement o\u00f9 vous soyez!<br \/>\n\u00c9vitez de trimballer vos brosses \u00e0 cils poussi\u00e9reuses\u2026<\/p>\n<p>Livr\u00e9e avec un capuchon, notre brosse r\u00e9utilisable \u00a0de couleur or rose a un design propre et se range facilement lorsqu\u2019elle n\u2019est pas utilis\u00e9e.<br \/>\nProt\u00e9ger la t\u00eate de votre brosse pour augmenter sa long\u00e9vit\u00e9 et pour la garder \u00e0 l\u2019abri des d\u00e9bris.<\/p>\n<p>Design unique: tube en aluminium, solide, l\u00e9ger, facile \u00e0 utiliser et \u00e0 ranger.<\/p>\n","protected":false},"featured_media":71,"comment_status":"open","ping_status":"closed","template":"","meta":{"_et_pb_use_builder":"","_et_pb_old_content":"","_et_gb_content_width":""},"product_brand":[],"product_cat":[20,257,218],"product_tag":[34],"class_list":{"0":"post-1391","1":"product","2":"type-product","3":"status-publish","4":"has-post-thumbnail","6":"product_cat-brosses","7":"product_cat-lash-artisan","8":"product_cat-soin-des-cils","9":"product_tag-brosses","10":"product_shipping_class-forfait","12":"first","13":"instock","14":"taxable","15":"shipping-taxable","16":"purchasable","17":"product-type-simple"},"jetpack_sharing_enabled":true,"_links":{"self":[{"href":"https:\/\/mglashes.ca\/distribution\/wp-json\/wp\/v2\/product\/1391","targetHints":{"allow":["GET"]}}],"collection":[{"href":"https:\/\/mglashes.ca\/distribution\/wp-json\/wp\/v2\/product"}],"about":[{"href":"https:\/\/mglashes.ca\/distribution\/wp-json\/wp\/v2\/types\/product"}],"replies":[{"embeddable":true,"href":"https:\/\/mglashes.ca\/distribution\/wp-json\/wp\/v2\/comments?post=1391"}],"wp:featuredmedia":[{"embeddable":true,"href":"https:\/\/mglashes.ca\/distribution\/wp-json\/wp\/v2\/media\/71"}],"wp:attachment":[{"href":"https:\/\/mglashes.ca\/distribution\/wp-json\/wp\/v2\/media?parent=1391"}],"wp:term":[{"taxonomy":"product_brand","embeddable":true,"href":"https:\/\/mglashes.ca\/distribution\/wp-json\/wp\/v2\/product_brand?post=1391"},{"taxonomy":"product_cat","embeddable":true,"href":"https:\/\/mglashes.ca\/distribution\/wp-json\/wp\/v2\/product_cat?post=1391"},{"taxonomy":"product_tag","embeddable":true,"href":"https:\/\/mglashes.ca\/distribution\/wp-json\/wp\/v2\/product_tag?post=1391"}],"curies":[{"name":"wp","href":"https:\/\/api.w.org\/{rel}","templated":true}]}}