{"id":1266,"date":"2023-01-25T13:29:49","date_gmt":"2023-01-25T18:29:49","guid":{"rendered":"https:\/\/mglashes.ca\/distribution\/?post_type=product&#038;p=1266"},"modified":"2026-03-03T11:24:00","modified_gmt":"2026-03-03T16:24:00","slug":"mascara-accelerate","status":"publish","type":"product","link":"https:\/\/mglashes.ca\/distribution\/produit\/mascara-accelerate\/","title":{"rendered":"Mascara ACCELERATE"},"content":{"rendered":"","protected":false},"excerpt":{"rendered":"<p><span class=\"\">Tout le monde a besoin d&rsquo;une bonne wingwomen ou (wingman), mais notre mascara acc\u00e9l\u00e9rateur nourrissant est votre aile droite.\u00a0<\/span><\/p>\n<p>Con\u00e7u pour \u00eatre l&rsquo;alli\u00e9 ultime des cils, ce mascara a tout dans son maquillage pour faire ressortir votre regard !<\/p>\n<p><span class=\"goog-text-highlight\">Un traitement de renforcement des cils triple menace dans un seul tube : une formule 100 % fibre v\u00e9g\u00e9tale se construit \u00e0 partir de la racine pour donner du volume et \u00e9paissir les cils pendant que vous l&rsquo;associez \u00e0 votre revitalisant nourrissant pour les cils pour aider \u00e0 construire \u00e0 partir de la racine pour \u00e9tendre leur port\u00e9e.<\/span><\/p>\n","protected":false},"featured_media":1260,"comment_status":"open","ping_status":"closed","template":"","meta":{"_et_pb_use_builder":"","_et_pb_old_content":"","_et_gb_content_width":""},"product_brand":[],"product_cat":[257,367,218],"product_tag":[228],"class_list":{"0":"post-1266","1":"product","2":"type-product","3":"status-publish","4":"has-post-thumbnail","6":"product_cat-lash-artisan","7":"product_cat-serums","8":"product_cat-soin-des-cils","9":"product_tag-accelerate-mascara","10":"product_shipping_class-forfait","12":"first","13":"instock","14":"sale","15":"taxable","16":"shipping-taxable","17":"purchasable","18":"product-type-simple"},"jetpack_sharing_enabled":true,"_links":{"self":[{"href":"https:\/\/mglashes.ca\/distribution\/wp-json\/wp\/v2\/product\/1266","targetHints":{"allow":["GET"]}}],"collection":[{"href":"https:\/\/mglashes.ca\/distribution\/wp-json\/wp\/v2\/product"}],"about":[{"href":"https:\/\/mglashes.ca\/distribution\/wp-json\/wp\/v2\/types\/product"}],"replies":[{"embeddable":true,"href":"https:\/\/mglashes.ca\/distribution\/wp-json\/wp\/v2\/comments?post=1266"}],"wp:featuredmedia":[{"embeddable":true,"href":"https:\/\/mglashes.ca\/distribution\/wp-json\/wp\/v2\/media\/1260"}],"wp:attachment":[{"href":"https:\/\/mglashes.ca\/distribution\/wp-json\/wp\/v2\/media?parent=1266"}],"wp:term":[{"taxonomy":"product_brand","embeddable":true,"href":"https:\/\/mglashes.ca\/distribution\/wp-json\/wp\/v2\/product_brand?post=1266"},{"taxonomy":"product_cat","embeddable":true,"href":"https:\/\/mglashes.ca\/distribution\/wp-json\/wp\/v2\/product_cat?post=1266"},{"taxonomy":"product_tag","embeddable":true,"href":"https:\/\/mglashes.ca\/distribution\/wp-json\/wp\/v2\/product_tag?post=1266"}],"curies":[{"name":"wp","href":"https:\/\/api.w.org\/{rel}","templated":true}]}}