{"id":1201,"date":"2023-01-24T16:05:23","date_gmt":"2023-01-24T21:05:23","guid":{"rendered":"https:\/\/mglashes.ca\/distribution\/?post_type=product&#038;p=1201"},"modified":"2026-02-11T16:36:58","modified_gmt":"2026-02-11T21:36:58","slug":"102-collection-perle","status":"publish","type":"product","link":"https:\/\/mglashes.ca\/distribution\/produit\/102-collection-perle\/","title":{"rendered":"102 Collection Perle"},"content":{"rendered":"","protected":false},"excerpt":{"rendered":"<p>La collection Pearl est fabriqu\u00e9e avec pr\u00e9cision \u00e0 partir d&rsquo;acier inoxydable chirurgical, puis finie dans une couleur perle fine mais durable pour compl\u00e9ter n&rsquo;importe quelle vanit\u00e9. Fabriqu\u00e9es avec pr\u00e9cision avec un design l\u00e9ger et \u00e9quilibr\u00e9, ces pinces \u00e0 \u00e9piler peuvent facilement \u00eatre utilis\u00e9es pour le ramassage et l&rsquo;application d&rsquo;extension de cils les plus pr\u00e9cis.<\/p>\n","protected":false},"featured_media":1205,"comment_status":"open","ping_status":"closed","template":"","meta":{"_et_pb_use_builder":"","_et_pb_old_content":"","_et_gb_content_width":""},"product_brand":[],"product_cat":[257,207],"product_tag":[],"class_list":{"0":"post-1201","1":"product","2":"type-product","3":"status-publish","4":"has-post-thumbnail","6":"product_cat-lash-artisan","7":"product_cat-pinces","8":"product_shipping_class-forfait","10":"first","11":"outofstock","12":"taxable","13":"shipping-taxable","14":"purchasable","15":"product-type-variable"},"jetpack_sharing_enabled":true,"_links":{"self":[{"href":"https:\/\/mglashes.ca\/distribution\/wp-json\/wp\/v2\/product\/1201","targetHints":{"allow":["GET"]}}],"collection":[{"href":"https:\/\/mglashes.ca\/distribution\/wp-json\/wp\/v2\/product"}],"about":[{"href":"https:\/\/mglashes.ca\/distribution\/wp-json\/wp\/v2\/types\/product"}],"replies":[{"embeddable":true,"href":"https:\/\/mglashes.ca\/distribution\/wp-json\/wp\/v2\/comments?post=1201"}],"wp:featuredmedia":[{"embeddable":true,"href":"https:\/\/mglashes.ca\/distribution\/wp-json\/wp\/v2\/media\/1205"}],"wp:attachment":[{"href":"https:\/\/mglashes.ca\/distribution\/wp-json\/wp\/v2\/media?parent=1201"}],"wp:term":[{"taxonomy":"product_brand","embeddable":true,"href":"https:\/\/mglashes.ca\/distribution\/wp-json\/wp\/v2\/product_brand?post=1201"},{"taxonomy":"product_cat","embeddable":true,"href":"https:\/\/mglashes.ca\/distribution\/wp-json\/wp\/v2\/product_cat?post=1201"},{"taxonomy":"product_tag","embeddable":true,"href":"https:\/\/mglashes.ca\/distribution\/wp-json\/wp\/v2\/product_tag?post=1201"}],"curies":[{"name":"wp","href":"https:\/\/api.w.org\/{rel}","templated":true}]}}