{"id":1193,"date":"2023-01-24T15:57:13","date_gmt":"2023-01-24T20:57:13","guid":{"rendered":"https:\/\/mglashes.ca\/distribution\/?post_type=product&#038;p=1193"},"modified":"2026-02-11T16:37:15","modified_gmt":"2026-02-11T21:37:15","slug":"101-collection-perle","status":"publish","type":"product","link":"https:\/\/mglashes.ca\/distribution\/produit\/101-collection-perle\/","title":{"rendered":"101 Collection Perle"},"content":{"rendered":"","protected":false},"excerpt":{"rendered":"<p>Les pincettes 101 Classic sont con\u00e7ues sur mesure pour la pr\u00e9cision et le confort. La conception \u00e9quilibr\u00e9e et l\u00e9g\u00e8re comprend une pointe effil\u00e9e allong\u00e9e de pr\u00e9cision et une cambrure l\u00e2che r\u00e9duisant la fatigue de la main. Les pointes effil\u00e9es et fines sont parfaites pour travailler avec des cils de plus petit diam\u00e8tre. Compl\u00e9tez-le avec une pointe enduite de diamant pour une prise solide.<\/p>\n","protected":false},"featured_media":1197,"comment_status":"open","ping_status":"closed","template":"","meta":{"_et_pb_use_builder":"","_et_pb_old_content":"","_et_gb_content_width":""},"product_brand":[],"product_cat":[257,207],"product_tag":[],"class_list":{"0":"post-1193","1":"product","2":"type-product","3":"status-publish","4":"has-post-thumbnail","6":"product_cat-lash-artisan","7":"product_cat-pinces","8":"product_shipping_class-forfait","10":"first","11":"outofstock","12":"taxable","13":"shipping-taxable","14":"purchasable","15":"product-type-variable"},"jetpack_sharing_enabled":true,"_links":{"self":[{"href":"https:\/\/mglashes.ca\/distribution\/wp-json\/wp\/v2\/product\/1193","targetHints":{"allow":["GET"]}}],"collection":[{"href":"https:\/\/mglashes.ca\/distribution\/wp-json\/wp\/v2\/product"}],"about":[{"href":"https:\/\/mglashes.ca\/distribution\/wp-json\/wp\/v2\/types\/product"}],"replies":[{"embeddable":true,"href":"https:\/\/mglashes.ca\/distribution\/wp-json\/wp\/v2\/comments?post=1193"}],"wp:featuredmedia":[{"embeddable":true,"href":"https:\/\/mglashes.ca\/distribution\/wp-json\/wp\/v2\/media\/1197"}],"wp:attachment":[{"href":"https:\/\/mglashes.ca\/distribution\/wp-json\/wp\/v2\/media?parent=1193"}],"wp:term":[{"taxonomy":"product_brand","embeddable":true,"href":"https:\/\/mglashes.ca\/distribution\/wp-json\/wp\/v2\/product_brand?post=1193"},{"taxonomy":"product_cat","embeddable":true,"href":"https:\/\/mglashes.ca\/distribution\/wp-json\/wp\/v2\/product_cat?post=1193"},{"taxonomy":"product_tag","embeddable":true,"href":"https:\/\/mglashes.ca\/distribution\/wp-json\/wp\/v2\/product_tag?post=1193"}],"curies":[{"name":"wp","href":"https:\/\/api.w.org\/{rel}","templated":true}]}}