{"id":1181,"date":"2023-01-24T15:35:12","date_gmt":"2023-01-24T20:35:12","guid":{"rendered":"https:\/\/mglashes.ca\/distribution\/?post_type=product&#038;p=1181"},"modified":"2026-02-11T16:37:49","modified_gmt":"2026-02-11T21:37:49","slug":"302-ligne-noire","status":"publish","type":"product","link":"https:\/\/mglashes.ca\/distribution\/produit\/302-ligne-noire\/","title":{"rendered":"302 Ligne Noire"},"content":{"rendered":"","protected":false},"excerpt":{"rendered":"<p>La pince\u00a0 302\u00a0 vient de faire peau neuve ! Elle est super mignonne dans ce look \u00ab\u00a0petite robe noire\u00a0\u00bb. La m\u00eame pince \u00e0 \u00e9piler que nous connaissons et aimons, mais maintenant dans un style noir \u00e9pur\u00e9 et \u00e9l\u00e9gant.<\/p>\n","protected":false},"featured_media":1182,"comment_status":"open","ping_status":"closed","template":"","meta":{"_et_pb_use_builder":"","_et_pb_old_content":"","_et_gb_content_width":""},"product_brand":[],"product_cat":[257,207],"product_tag":[],"class_list":{"0":"post-1181","1":"product","2":"type-product","3":"status-publish","4":"has-post-thumbnail","6":"product_cat-lash-artisan","7":"product_cat-pinces","8":"product_shipping_class-forfait","10":"first","11":"instock","12":"taxable","13":"shipping-taxable","14":"purchasable","15":"product-type-simple"},"jetpack_sharing_enabled":true,"_links":{"self":[{"href":"https:\/\/mglashes.ca\/distribution\/wp-json\/wp\/v2\/product\/1181","targetHints":{"allow":["GET"]}}],"collection":[{"href":"https:\/\/mglashes.ca\/distribution\/wp-json\/wp\/v2\/product"}],"about":[{"href":"https:\/\/mglashes.ca\/distribution\/wp-json\/wp\/v2\/types\/product"}],"replies":[{"embeddable":true,"href":"https:\/\/mglashes.ca\/distribution\/wp-json\/wp\/v2\/comments?post=1181"}],"wp:featuredmedia":[{"embeddable":true,"href":"https:\/\/mglashes.ca\/distribution\/wp-json\/wp\/v2\/media\/1182"}],"wp:attachment":[{"href":"https:\/\/mglashes.ca\/distribution\/wp-json\/wp\/v2\/media?parent=1181"}],"wp:term":[{"taxonomy":"product_brand","embeddable":true,"href":"https:\/\/mglashes.ca\/distribution\/wp-json\/wp\/v2\/product_brand?post=1181"},{"taxonomy":"product_cat","embeddable":true,"href":"https:\/\/mglashes.ca\/distribution\/wp-json\/wp\/v2\/product_cat?post=1181"},{"taxonomy":"product_tag","embeddable":true,"href":"https:\/\/mglashes.ca\/distribution\/wp-json\/wp\/v2\/product_tag?post=1181"}],"curies":[{"name":"wp","href":"https:\/\/api.w.org\/{rel}","templated":true}]}}