{"id":1168,"date":"2023-01-24T14:49:58","date_gmt":"2023-01-24T19:49:58","guid":{"rendered":"https:\/\/mglashes.ca\/distribution\/?post_type=product&#038;p=1168"},"modified":"2026-02-11T16:38:43","modified_gmt":"2026-02-11T21:38:43","slug":"302-originale","status":"publish","type":"product","link":"https:\/\/mglashes.ca\/distribution\/produit\/302-originale\/","title":{"rendered":"302 Originale"},"content":{"rendered":"","protected":false},"excerpt":{"rendered":"<p>Les pincettes de volume de la s\u00e9rie 302 sont con\u00e7ues sur mesure pour la pr\u00e9cision et le confort. La conception \u00e9quilibr\u00e9e et l\u00e9g\u00e8re comprend une pointe effil\u00e9e allong\u00e9e de pr\u00e9cision et une cambrure l\u00e2che pour r\u00e9duire la fatigue des mains. Les pointes fines et effil\u00e9es sont parfaites pour travailler avec des cils de plus petit diam\u00e8tre.<\/p>\n<ul>\n<li>Pointe fine<\/li>\n<li>Finition mate<\/li>\n<li>Acier inoxydable chirurgical<\/li>\n<li>Autoclavable<\/li>\n<li>Non magn\u00e9tique<\/li>\n<\/ul>\n","protected":false},"featured_media":1171,"comment_status":"open","ping_status":"closed","template":"","meta":{"_et_pb_use_builder":"","_et_pb_old_content":"","_et_gb_content_width":""},"product_brand":[],"product_cat":[257,207],"product_tag":[212],"class_list":{"0":"post-1168","1":"product","2":"type-product","3":"status-publish","4":"has-post-thumbnail","6":"product_cat-lash-artisan","7":"product_cat-pinces","8":"product_tag-pinces","9":"product_shipping_class-forfait","11":"first","12":"instock","13":"taxable","14":"shipping-taxable","15":"purchasable","16":"product-type-simple"},"jetpack_sharing_enabled":true,"_links":{"self":[{"href":"https:\/\/mglashes.ca\/distribution\/wp-json\/wp\/v2\/product\/1168","targetHints":{"allow":["GET"]}}],"collection":[{"href":"https:\/\/mglashes.ca\/distribution\/wp-json\/wp\/v2\/product"}],"about":[{"href":"https:\/\/mglashes.ca\/distribution\/wp-json\/wp\/v2\/types\/product"}],"replies":[{"embeddable":true,"href":"https:\/\/mglashes.ca\/distribution\/wp-json\/wp\/v2\/comments?post=1168"}],"wp:featuredmedia":[{"embeddable":true,"href":"https:\/\/mglashes.ca\/distribution\/wp-json\/wp\/v2\/media\/1171"}],"wp:attachment":[{"href":"https:\/\/mglashes.ca\/distribution\/wp-json\/wp\/v2\/media?parent=1168"}],"wp:term":[{"taxonomy":"product_brand","embeddable":true,"href":"https:\/\/mglashes.ca\/distribution\/wp-json\/wp\/v2\/product_brand?post=1168"},{"taxonomy":"product_cat","embeddable":true,"href":"https:\/\/mglashes.ca\/distribution\/wp-json\/wp\/v2\/product_cat?post=1168"},{"taxonomy":"product_tag","embeddable":true,"href":"https:\/\/mglashes.ca\/distribution\/wp-json\/wp\/v2\/product_tag?post=1168"}],"curies":[{"name":"wp","href":"https:\/\/api.w.org\/{rel}","templated":true}]}}