{"id":1163,"date":"2023-01-24T14:43:18","date_gmt":"2023-01-24T19:43:18","guid":{"rendered":"https:\/\/mglashes.ca\/distribution\/?post_type=product&#038;p=1163"},"modified":"2026-02-11T16:38:56","modified_gmt":"2026-02-11T21:38:56","slug":"300-originale","status":"publish","type":"product","link":"https:\/\/mglashes.ca\/distribution\/produit\/300-originale\/","title":{"rendered":"300 Originale"},"content":{"rendered":"","protected":false},"excerpt":{"rendered":"<p>.Fabriqu\u00e9es en acier inoxydable chirurgical, avec un design l\u00e9ger et \u00e9quilibr\u00e9 et une prise serr\u00e9e de pr\u00e9cision avec la pointe fine affleurante, ces pinces \u00e0 \u00e9piler sont non seulement confortables mais aussi d&rsquo;une pr\u00e9cision parfaite<\/p>\n<ul>\n<li>\u00a0Pointe fine<\/li>\n<li>Finition mate<\/li>\n<li>Acier inoxydable chirurgical<\/li>\n<li>Autoclavable<\/li>\n<li>Non magn\u00e9tique<\/li>\n<\/ul>\n","protected":false},"featured_media":1166,"comment_status":"open","ping_status":"closed","template":"","meta":{"_et_pb_use_builder":"","_et_pb_old_content":"","_et_gb_content_width":""},"product_brand":[],"product_cat":[257,207],"product_tag":[212],"class_list":{"0":"post-1163","1":"product","2":"type-product","3":"status-publish","4":"has-post-thumbnail","6":"product_cat-lash-artisan","7":"product_cat-pinces","8":"product_tag-pinces","9":"product_shipping_class-forfait","11":"first","12":"instock","13":"taxable","14":"shipping-taxable","15":"purchasable","16":"product-type-simple"},"jetpack_sharing_enabled":true,"_links":{"self":[{"href":"https:\/\/mglashes.ca\/distribution\/wp-json\/wp\/v2\/product\/1163","targetHints":{"allow":["GET"]}}],"collection":[{"href":"https:\/\/mglashes.ca\/distribution\/wp-json\/wp\/v2\/product"}],"about":[{"href":"https:\/\/mglashes.ca\/distribution\/wp-json\/wp\/v2\/types\/product"}],"replies":[{"embeddable":true,"href":"https:\/\/mglashes.ca\/distribution\/wp-json\/wp\/v2\/comments?post=1163"}],"wp:featuredmedia":[{"embeddable":true,"href":"https:\/\/mglashes.ca\/distribution\/wp-json\/wp\/v2\/media\/1166"}],"wp:attachment":[{"href":"https:\/\/mglashes.ca\/distribution\/wp-json\/wp\/v2\/media?parent=1163"}],"wp:term":[{"taxonomy":"product_brand","embeddable":true,"href":"https:\/\/mglashes.ca\/distribution\/wp-json\/wp\/v2\/product_brand?post=1163"},{"taxonomy":"product_cat","embeddable":true,"href":"https:\/\/mglashes.ca\/distribution\/wp-json\/wp\/v2\/product_cat?post=1163"},{"taxonomy":"product_tag","embeddable":true,"href":"https:\/\/mglashes.ca\/distribution\/wp-json\/wp\/v2\/product_tag?post=1163"}],"curies":[{"name":"wp","href":"https:\/\/api.w.org\/{rel}","templated":true}]}}