{"id":1158,"date":"2023-01-24T14:35:15","date_gmt":"2023-01-24T19:35:15","guid":{"rendered":"https:\/\/mglashes.ca\/distribution\/?post_type=product&#038;p=1158"},"modified":"2026-02-11T16:39:14","modified_gmt":"2026-02-11T21:39:14","slug":"202-originale","status":"publish","type":"product","link":"https:\/\/mglashes.ca\/distribution\/produit\/202-originale\/","title":{"rendered":"202 Originale"},"content":{"rendered":"","protected":false},"excerpt":{"rendered":"<p>Cette pince \u00e0 \u00e9piler est destin\u00e9e aussi bien \u00e0 l&rsquo;arrimage classique qu&rsquo;au volume. Nous les avons appel\u00e9es nos pincettes universelles car elles sont suffisamment diverses pour \u00eatre une pince \u00e0 \u00e9piler d&rsquo;isolement ou de ramassage. La gamme de courbes permet des mouvements mineurs du poignet qui vous aideront \u00e0 cr\u00e9er votre angle, vos d\u00e9tails et vos touches pour un placement correct.<\/p>\n","protected":false},"featured_media":1159,"comment_status":"open","ping_status":"closed","template":"","meta":{"_et_pb_use_builder":"","_et_pb_old_content":"","_et_gb_content_width":""},"product_brand":[],"product_cat":[257,207],"product_tag":[212],"class_list":{"0":"post-1158","1":"product","2":"type-product","3":"status-publish","4":"has-post-thumbnail","6":"product_cat-lash-artisan","7":"product_cat-pinces","8":"product_tag-pinces","9":"product_shipping_class-forfait","11":"first","12":"instock","13":"taxable","14":"shipping-taxable","15":"purchasable","16":"product-type-simple"},"jetpack_sharing_enabled":true,"_links":{"self":[{"href":"https:\/\/mglashes.ca\/distribution\/wp-json\/wp\/v2\/product\/1158","targetHints":{"allow":["GET"]}}],"collection":[{"href":"https:\/\/mglashes.ca\/distribution\/wp-json\/wp\/v2\/product"}],"about":[{"href":"https:\/\/mglashes.ca\/distribution\/wp-json\/wp\/v2\/types\/product"}],"replies":[{"embeddable":true,"href":"https:\/\/mglashes.ca\/distribution\/wp-json\/wp\/v2\/comments?post=1158"}],"wp:featuredmedia":[{"embeddable":true,"href":"https:\/\/mglashes.ca\/distribution\/wp-json\/wp\/v2\/media\/1159"}],"wp:attachment":[{"href":"https:\/\/mglashes.ca\/distribution\/wp-json\/wp\/v2\/media?parent=1158"}],"wp:term":[{"taxonomy":"product_brand","embeddable":true,"href":"https:\/\/mglashes.ca\/distribution\/wp-json\/wp\/v2\/product_brand?post=1158"},{"taxonomy":"product_cat","embeddable":true,"href":"https:\/\/mglashes.ca\/distribution\/wp-json\/wp\/v2\/product_cat?post=1158"},{"taxonomy":"product_tag","embeddable":true,"href":"https:\/\/mglashes.ca\/distribution\/wp-json\/wp\/v2\/product_tag?post=1158"}],"curies":[{"name":"wp","href":"https:\/\/api.w.org\/{rel}","templated":true}]}}