{"id":1154,"date":"2023-01-24T14:30:33","date_gmt":"2023-01-24T19:30:33","guid":{"rendered":"https:\/\/mglashes.ca\/distribution\/?post_type=product&#038;p=1154"},"modified":"2026-02-11T16:39:30","modified_gmt":"2026-02-11T21:39:30","slug":"201-originale","status":"publish","type":"product","link":"https:\/\/mglashes.ca\/distribution\/produit\/201-originale\/","title":{"rendered":"201 Originale"},"content":{"rendered":"","protected":false},"excerpt":{"rendered":"<p>Nos pincettes sont l\u00e9g\u00e8res, ajust\u00e9es \u00e0 la tension droite pour un ramassage, un fanage et un placement faciles. Chaque pinceau a son propre angle unique pour vous aider \u00e0 cr\u00e9er du flux et de la facilit\u00e9 tout en se d\u00e9cha\u00eenant. Nos pincettes ont une sym\u00e9trie parfaite pour permettre plusieurs points doux. Quel angle vous convient?<\/p>\n<ul>\n<li>Pointe fine<\/li>\n<li>Finition satin\u00e9e<\/li>\n<li>Acier inoxydable chirurgical<\/li>\n<li>Autoclavable<\/li>\n<li>Non magn\u00e9tique<\/li>\n<\/ul>\n","protected":false},"featured_media":1155,"comment_status":"open","ping_status":"closed","template":"","meta":{"_et_pb_use_builder":"","_et_pb_old_content":"","_et_gb_content_width":""},"product_brand":[],"product_cat":[257,207],"product_tag":[212],"class_list":{"0":"post-1154","1":"product","2":"type-product","3":"status-publish","4":"has-post-thumbnail","6":"product_cat-lash-artisan","7":"product_cat-pinces","8":"product_tag-pinces","9":"product_shipping_class-forfait","11":"first","12":"outofstock","13":"taxable","14":"shipping-taxable","15":"purchasable","16":"product-type-simple"},"jetpack_sharing_enabled":true,"_links":{"self":[{"href":"https:\/\/mglashes.ca\/distribution\/wp-json\/wp\/v2\/product\/1154","targetHints":{"allow":["GET"]}}],"collection":[{"href":"https:\/\/mglashes.ca\/distribution\/wp-json\/wp\/v2\/product"}],"about":[{"href":"https:\/\/mglashes.ca\/distribution\/wp-json\/wp\/v2\/types\/product"}],"replies":[{"embeddable":true,"href":"https:\/\/mglashes.ca\/distribution\/wp-json\/wp\/v2\/comments?post=1154"}],"wp:featuredmedia":[{"embeddable":true,"href":"https:\/\/mglashes.ca\/distribution\/wp-json\/wp\/v2\/media\/1155"}],"wp:attachment":[{"href":"https:\/\/mglashes.ca\/distribution\/wp-json\/wp\/v2\/media?parent=1154"}],"wp:term":[{"taxonomy":"product_brand","embeddable":true,"href":"https:\/\/mglashes.ca\/distribution\/wp-json\/wp\/v2\/product_brand?post=1154"},{"taxonomy":"product_cat","embeddable":true,"href":"https:\/\/mglashes.ca\/distribution\/wp-json\/wp\/v2\/product_cat?post=1154"},{"taxonomy":"product_tag","embeddable":true,"href":"https:\/\/mglashes.ca\/distribution\/wp-json\/wp\/v2\/product_tag?post=1154"}],"curies":[{"name":"wp","href":"https:\/\/api.w.org\/{rel}","templated":true}]}}