{"id":1131,"date":"2023-01-24T13:43:07","date_gmt":"2023-01-24T18:43:07","guid":{"rendered":"https:\/\/mglashes.ca\/distribution\/?post_type=product&#038;p=1131"},"modified":"2026-02-11T16:41:04","modified_gmt":"2026-02-11T21:41:04","slug":"101-originale","status":"publish","type":"product","link":"https:\/\/mglashes.ca\/distribution\/produit\/101-originale\/","title":{"rendered":"101 Originale"},"content":{"rendered":"","protected":false},"excerpt":{"rendered":"<p>Les meilleurs outils facilitent le travail. Nos pinces \u00e0 \u00e9piler vous donnent l&rsquo;effet de levier et l&rsquo;angle pour saisir rapidement les cils. Ayez confiance derri\u00e8re votre travail de cils avec nos pinces l\u00e9g\u00e8res et polyvalentes con\u00e7ues pour minimiser le stress de la main et du poignet et maximiser la facilit\u00e9 et le d\u00e9bit.<\/p>\n<ul>\n<li>Pointe fine<\/li>\n<li>Finition satin\u00e9e<\/li>\n<li>Acier inoxydable chirurgical<\/li>\n<li>Autoclavable<\/li>\n<li>Non magn\u00e9tique<\/li>\n<\/ul>\n","protected":false},"featured_media":1132,"comment_status":"open","ping_status":"closed","template":"","meta":{"_et_pb_use_builder":"","_et_pb_old_content":"","_et_gb_content_width":""},"product_brand":[],"product_cat":[257,207],"product_tag":[212],"class_list":{"0":"post-1131","1":"product","2":"type-product","3":"status-publish","4":"has-post-thumbnail","6":"product_cat-lash-artisan","7":"product_cat-pinces","8":"product_tag-pinces","9":"product_shipping_class-forfait","11":"first","12":"instock","13":"taxable","14":"shipping-taxable","15":"purchasable","16":"product-type-simple"},"jetpack_sharing_enabled":true,"_links":{"self":[{"href":"https:\/\/mglashes.ca\/distribution\/wp-json\/wp\/v2\/product\/1131","targetHints":{"allow":["GET"]}}],"collection":[{"href":"https:\/\/mglashes.ca\/distribution\/wp-json\/wp\/v2\/product"}],"about":[{"href":"https:\/\/mglashes.ca\/distribution\/wp-json\/wp\/v2\/types\/product"}],"replies":[{"embeddable":true,"href":"https:\/\/mglashes.ca\/distribution\/wp-json\/wp\/v2\/comments?post=1131"}],"wp:featuredmedia":[{"embeddable":true,"href":"https:\/\/mglashes.ca\/distribution\/wp-json\/wp\/v2\/media\/1132"}],"wp:attachment":[{"href":"https:\/\/mglashes.ca\/distribution\/wp-json\/wp\/v2\/media?parent=1131"}],"wp:term":[{"taxonomy":"product_brand","embeddable":true,"href":"https:\/\/mglashes.ca\/distribution\/wp-json\/wp\/v2\/product_brand?post=1131"},{"taxonomy":"product_cat","embeddable":true,"href":"https:\/\/mglashes.ca\/distribution\/wp-json\/wp\/v2\/product_cat?post=1131"},{"taxonomy":"product_tag","embeddable":true,"href":"https:\/\/mglashes.ca\/distribution\/wp-json\/wp\/v2\/product_tag?post=1131"}],"curies":[{"name":"wp","href":"https:\/\/api.w.org\/{rel}","templated":true}]}}