{"id":1063,"date":"2023-01-20T23:37:10","date_gmt":"2023-01-20T23:37:10","guid":{"rendered":"https:\/\/mglashes.ca\/distribution\/?post_type=product&#038;p=1063"},"modified":"2023-10-16T20:56:56","modified_gmt":"2023-10-17T01:56:56","slug":"chantilly","status":"publish","type":"product","link":"https:\/\/mglashes.ca\/distribution\/produit\/chantilly\/","title":{"rendered":"CHANTILLY"},"content":{"rendered":"","protected":false},"excerpt":{"rendered":"<p>Parfum : Cr\u00e8me chantilly et baies<br \/>\n&#8211; 55 \u00e0 60 Heures &#8211;<\/p>\n<p>INGR\u00c9DIENTS<br \/>\nM\u00e9lange de cire de noix de coco sans OGM, parfums de premi\u00e8re qualit\u00e9 (sans phtalates), huiles essentielles, m\u00e8che en coton sans plomb, pot en verre r\u00e9utilisable ou recyclable avec couvercle en bois.<\/p>\n<p>INSTRUCTIONS DE BR\u00dbLAGE<br \/>\n*Pour la premi\u00e8re combustion, laisser fondre compl\u00e8tement la cire en haut de la bougie (+\/- 1h). Br\u00fbler 3-4 heures \u00e0 la fois. Coupez la m\u00e8che de 1\/4&Prime; avant l&rsquo;allumage. Ne laissez jamais une bougie allum\u00e9e sans surveillance. Br\u00fblez sur une surface r\u00e9sistante \u00e0 la chaleur.*<\/p>\n<p>ATTENTION<br \/>\n*Tenir hors de port\u00e9e des enfants, des animaux domestiques et des mat\u00e9riaux inflammables. Le contenant sera chaud lorsque la bougie sera allum\u00e9e.*<\/p>\n","protected":false},"featured_media":2648,"comment_status":"open","ping_status":"closed","template":"","meta":{"_et_pb_use_builder":"","_et_pb_old_content":"","_et_gb_content_width":""},"product_brand":[],"product_cat":[193],"product_tag":[199],"class_list":{"0":"post-1063","1":"product","2":"type-product","3":"status-publish","4":"has-post-thumbnail","6":"product_cat-bougies","7":"product_tag-bougie","8":"product_shipping_class-forfait","10":"first","11":"instock","12":"taxable","13":"shipping-taxable","14":"purchasable","15":"product-type-simple"},"jetpack_sharing_enabled":true,"_links":{"self":[{"href":"https:\/\/mglashes.ca\/distribution\/wp-json\/wp\/v2\/product\/1063","targetHints":{"allow":["GET"]}}],"collection":[{"href":"https:\/\/mglashes.ca\/distribution\/wp-json\/wp\/v2\/product"}],"about":[{"href":"https:\/\/mglashes.ca\/distribution\/wp-json\/wp\/v2\/types\/product"}],"replies":[{"embeddable":true,"href":"https:\/\/mglashes.ca\/distribution\/wp-json\/wp\/v2\/comments?post=1063"}],"wp:featuredmedia":[{"embeddable":true,"href":"https:\/\/mglashes.ca\/distribution\/wp-json\/wp\/v2\/media\/2648"}],"wp:attachment":[{"href":"https:\/\/mglashes.ca\/distribution\/wp-json\/wp\/v2\/media?parent=1063"}],"wp:term":[{"taxonomy":"product_brand","embeddable":true,"href":"https:\/\/mglashes.ca\/distribution\/wp-json\/wp\/v2\/product_brand?post=1063"},{"taxonomy":"product_cat","embeddable":true,"href":"https:\/\/mglashes.ca\/distribution\/wp-json\/wp\/v2\/product_cat?post=1063"},{"taxonomy":"product_tag","embeddable":true,"href":"https:\/\/mglashes.ca\/distribution\/wp-json\/wp\/v2\/product_tag?post=1063"}],"curies":[{"name":"wp","href":"https:\/\/api.w.org\/{rel}","templated":true}]}}