{"id":473,"date":"2023-01-13T21:02:48","date_gmt":"2023-01-13T21:02:48","guid":{"rendered":"https:\/\/mglashes.ca\/distribution\/?page_id=473"},"modified":"2023-12-05T23:40:45","modified_gmt":"2023-12-06T04:40:45","slug":"a-propos","status":"publish","type":"page","link":"https:\/\/mglashes.ca\/distribution\/a-propos\/","title":{"rendered":"\u00c0 PROPOS"},"content":{"rendered":"<p>[et_pb_section fb_built=\u00a0\u00bb1&Prime; admin_label=\u00a0\u00bbAbout\u00a0\u00bb _builder_version=\u00a0\u00bb4.21.0&Prime; _module_preset=\u00a0\u00bbdefault\u00a0\u00bb background_color=\u00a0\u00bb#FFFFFF\u00a0\u00bb custom_padding=\u00a0\u00bb||0px|||\u00a0\u00bb global_colors_info=\u00a0\u00bb{}\u00a0\u00bb][et_pb_row _builder_version=\u00a0\u00bb4.22.2&Prime; _module_preset=\u00a0\u00bbdefault\u00a0\u00bb background_color=\u00a0\u00bb#FFFFFF\u00a0\u00bb min_height=\u00a0\u00bb190.9px\u00a0\u00bb custom_padding=\u00a0\u00bb||163px|||\u00a0\u00bb global_colors_info=\u00a0\u00bb{}\u00a0\u00bb][et_pb_column type=\u00a0\u00bb4_4&Prime; _builder_version=\u00a0\u00bb4.22.2&Prime; _module_preset=\u00a0\u00bbdefault\u00a0\u00bb global_colors_info=\u00a0\u00bb{}\u00a0\u00bb][et_pb_team_member name=\u00a0\u00bbMAIKA GU\u00c9RARD\u00a0\u00bb position=\u00a0\u00bbPr\u00e9sidente et formatrice\u00a0\u00bb image_url=\u00a0\u00bbhttps:\/\/mglashes.ca\/distribution\/wp-content\/uploads\/2023\/07\/Photo-Maika-1.jpg\u00a0\u00bb icon_color=\u00a0\u00bb#000000&Prime; _builder_version=\u00a0\u00bb4.23&Prime; _module_preset=\u00a0\u00bbdefault\u00a0\u00bb header_level=\u00a0\u00bbh1&Prime; header_font=\u00a0\u00bb||||||||\u00a0\u00bb header_font_size=\u00a0\u00bb27px\u00a0\u00bb body_text_color=\u00a0\u00bb#000000&Prime; position_font=\u00a0\u00bb||on||||||\u00a0\u00bb position_text_color=\u00a0\u00bb#8E8E8E\u00a0\u00bb position_font_size=\u00a0\u00bb18px\u00a0\u00bb min_height=\u00a0\u00bb639.7px\u00a0\u00bb custom_margin=\u00a0\u00bb-56px|||||\u00a0\u00bb custom_padding=\u00a0\u00bb7px||0px|||\u00a0\u00bb border_radii_image=\u00a0\u00bbon|4px|4px|4px|4px\u00a0\u00bb global_colors_info=\u00a0\u00bb{}\u00a0\u00bb]<\/p>\n<p>&nbsp;<\/p>\n<p>Bienvenue \u00e0 tous,<\/p>\n<p>Je me sp\u00e9cialise\u00a0dans l\u2019art d\u2019offrir un regard sans faille, des cils sublim\u00e9s et \u00e0 toute \u00e9preuve!<\/p>\n<p>Toujours \u00e0 l\u2019aff\u00fbt de la nouveaut\u00e9, j&rsquo;aime parfaire mes connaissances depuis 2014 afin d\u2019actualiser mes services mais aussi parce que je demeure attentive aux nouveaut\u00e9s du march\u00e9 et au d\u00e9veloppement de mon entreprise.<\/p>\n<p>L\u2019exp\u00e9rience propos\u00e9e va bien au-del\u00e0 d\u2019une simple pose d\u2019extensions de cils puisque nous parlons ici d\u2019un endroit calme et feutr\u00e9, de breuvage et de g\u00e2teries sucr\u00e9es, de musique et de douceur sans pareil. Mon c\u00f4t\u00e9 raffin\u00e9e, surprenante et attentionn\u00e9e me permet de vous recevoir dans un salon chic et de bon go\u00fbt avec une \u00e9quipe dynamique qui saura soutenir votre point de vue.<\/p>\n<p>Je suis technicienne et formatrice. J&rsquo;ai ouvert mon salon MG Lashes -Bar et cils en 2017. C\u2019est \u00e0 m\u00eame ma r\u00e9sidence personnelle situ\u00e9e sur la Rive-Sud de Qu\u00e9bec que j&rsquo;ai mis en place mes locaux, des pi\u00e8ces modernes et d\u00e9licatement am\u00e9nag\u00e9es qui permettent de recevoir intimement chacune de mes clientes.<\/p>\n<p>J&rsquo;obtient en 2020 une certification me permettant d\u2019offrir des formations reconnues ainsi que des perfectionnements priv\u00e9s et personnalis\u00e9s. C\u2019est aussi en 2020 que j&rsquo;obtient un partenariat et devient distributrice exclusive de produits <strong>Lash Artisan<\/strong> pour la r\u00e9gion de Qu\u00e9bec.<\/p>\n<p>[\/et_pb_team_member][et_pb_team_member image_url=\u00a0\u00bbhttps:\/\/mglashes.ca\/distribution\/wp-content\/uploads\/2023\/10\/Salon-scaled-e1697512180336.jpg\u00a0\u00bb facebook_url=\u00a0\u00bbhttps:\/\/www.facebook.com\/lashesbymg\/\u00a0\u00bb linkedin_url=\u00a0\u00bbhttps:\/\/www.linkedin.com\/in\/mglashes\/\u00a0\u00bb icon_color=\u00a0\u00bb#000000&Prime; use_icon_font_size=\u00a0\u00bbon\u00a0\u00bb icon_font_size=\u00a0\u00bb19px\u00a0\u00bb _builder_version=\u00a0\u00bb4.23&Prime; _module_preset=\u00a0\u00bbdefault\u00a0\u00bb header_level=\u00a0\u00bbh1&Prime; header_font=\u00a0\u00bb|700|||||||\u00a0\u00bb header_font_size=\u00a0\u00bb34px\u00a0\u00bb body_text_color=\u00a0\u00bb#000000&Prime; position_font=\u00a0\u00bb||on||||||\u00a0\u00bb position_text_color=\u00a0\u00bb#8E8E8E\u00a0\u00bb position_font_size=\u00a0\u00bb18px\u00a0\u00bb min_height=\u00a0\u00bb729.9px\u00a0\u00bb custom_margin=\u00a0\u00bb-199px||-199px||true|false\u00a0\u00bb custom_margin_tablet=\u00a0\u00bb-199px||-199px||true|false\u00a0\u00bb custom_margin_phone=\u00a0\u00bb-120px||-120px||true|false\u00a0\u00bb custom_margin_last_edited=\u00a0\u00bbon|phone\u00a0\u00bb custom_padding=\u00a0\u00bb102px||0px||false|true\u00a0\u00bb child_filter_hue_rotate=\u00a0\u00bb240deg\u00a0\u00bb child_filter_saturate=\u00a0\u00bb40%\u00a0\u00bb child_filter_brightness=\u00a0\u00bb188%\u00a0\u00bb child_filter_contrast=\u00a0\u00bb104%\u00a0\u00bb border_radii_image=\u00a0\u00bbon|4px|4px|4px|4px\u00a0\u00bb global_colors_info=\u00a0\u00bb{}\u00a0\u00bb]<\/p>\n<p>MG Lashes devient donc,<\/p>\n<p><strong>MG Lashes -Bar \u00e0 cils &amp; Distribution<\/strong><\/p>\n<p><strong><\/strong><\/p>\n<p><strong><\/strong><\/p>\n<p><em>La mission \u2013 ma raison d\u2019\u00eatre<\/em><\/p>\n<p>R\u00e9aliser et assurer un salon de beaut\u00e9 pure et simple \u00e0 travers un concept actualis\u00e9 et attentionn\u00e9. Offrir une vari\u00e9t\u00e9 de produits haut de gamme tant pour les professionnelles que pour la client\u00e8le. Assurer des formations compl\u00e8tes et de qualit\u00e9 dans le domaine ainsi qu\u2019une gamme de produits haut de gamme.<\/p>\n<p><em>La vision \u2013 ce que je veux devenir<\/em><\/p>\n<p>\u00catre une cr\u00e9atrice de moments et d\u2019exp\u00e9rience c\u0153ur tout en assurant une distinction par le raffinement et la qualit\u00e9 des produits offerts et d\u2019un service appliqu\u00e9 et attentionn\u00e9.<\/p>\n<p><em>Les valeurs \u2013 ce qui me d\u00e9finit et me motive<\/em><\/p>\n<p>La cr\u00e9ativit\u00e9, le raffinement et la diversit\u00e9 sont pr\u00e9sentes autant au c\u0153ur de ma fa\u00e7on de travailler que dans ma fa\u00e7on de vous recevoir.<\/p>\n<h3><span style=\"text-decoration: underline;\">\u00a0_________________________________________<\/span><\/h3>\n<p><span style=\"text-decoration: underline;\"><\/span><\/p>\n<p>Je tiens \u00e0 vous remercier de l\u2019int\u00e9r\u00eat que vous portez face \u00e0 mon salon. Votre pr\u00e9sence ici d\u00e9montre un rapport important pour moi et j\u2019esp\u00e8re que l\u2019ensemble de ce que vous y d\u00e9couvrirez saura retenir votre attention.<\/p>\n<p>[\/et_pb_team_member][\/et_pb_column][\/et_pb_row][\/et_pb_section]<\/p>\n","protected":false},"excerpt":{"rendered":"<p>&nbsp; Bienvenue \u00e0 tous, Je me sp\u00e9cialise\u00a0dans l\u2019art d\u2019offrir un regard sans faille, des cils sublim\u00e9s et \u00e0 toute \u00e9preuve! Toujours \u00e0 l\u2019aff\u00fbt de la nouveaut\u00e9, j&rsquo;aime parfaire mes connaissances depuis 2014 afin d\u2019actualiser mes services mais aussi parce que je demeure attentive aux nouveaut\u00e9s du march\u00e9 et au d\u00e9veloppement de mon entreprise. L\u2019exp\u00e9rience propos\u00e9e [&hellip;]<\/p>\n","protected":false},"author":1,"featured_media":0,"parent":0,"menu_order":0,"comment_status":"closed","ping_status":"closed","template":"","meta":{"_et_pb_use_builder":"on","_et_pb_old_content":"","_et_gb_content_width":"","footnotes":""},"class_list":["post-473","page","type-page","status-publish","hentry"],"jetpack_sharing_enabled":true,"_links":{"self":[{"href":"https:\/\/mglashes.ca\/distribution\/wp-json\/wp\/v2\/pages\/473","targetHints":{"allow":["GET"]}}],"collection":[{"href":"https:\/\/mglashes.ca\/distribution\/wp-json\/wp\/v2\/pages"}],"about":[{"href":"https:\/\/mglashes.ca\/distribution\/wp-json\/wp\/v2\/types\/page"}],"author":[{"embeddable":true,"href":"https:\/\/mglashes.ca\/distribution\/wp-json\/wp\/v2\/users\/1"}],"replies":[{"embeddable":true,"href":"https:\/\/mglashes.ca\/distribution\/wp-json\/wp\/v2\/comments?post=473"}],"version-history":[{"count":0,"href":"https:\/\/mglashes.ca\/distribution\/wp-json\/wp\/v2\/pages\/473\/revisions"}],"wp:attachment":[{"href":"https:\/\/mglashes.ca\/distribution\/wp-json\/wp\/v2\/media?parent=473"}],"curies":[{"name":"wp","href":"https:\/\/api.w.org\/{rel}","templated":true}]}}